{"id":15299,"date":"2022-08-13T14:17:52","date_gmt":"2022-08-13T18:17:52","guid":{"rendered":"https:\/\/simplycolombiancoffee.com\/los-agricultores-2\/"},"modified":"2023-11-22T23:32:47","modified_gmt":"2023-11-23T04:32:47","slug":"los-agricultores","status":"publish","type":"page","link":"https:\/\/simplycolombiancoffee.com\/es\/los-agricultores\/","title":{"rendered":"Los Agricultores"},"content":{"rendered":"\t\t<div data-elementor-type=\"wp-post\" data-elementor-id=\"15299\" class=\"elementor elementor-15299 elementor-12092\" data-elementor-post-type=\"page\">\n\t\t\t\t<div class=\"elementor-element elementor-element-9c8cc59 e-flex e-con-boxed e-con e-parent\" data-id=\"9c8cc59\" data-element_type=\"container\" data-e-type=\"container\" data-settings=\"{&quot;background_background&quot;:&quot;classic&quot;}\">\n\t\t\t\t\t<div class=\"e-con-inner\">\n\t\t<div class=\"elementor-element elementor-element-04951f2 e-con-full e-flex e-con e-child\" data-id=\"04951f2\" data-element_type=\"container\" data-e-type=\"container\" data-settings=\"{&quot;background_background&quot;:&quot;classic&quot;}\">\n\t\t\t\t<div class=\"elementor-element elementor-element-467d8be elementor-widget elementor-widget-image\" data-id=\"467d8be\" data-element_type=\"widget\" data-e-type=\"widget\" data-widget_type=\"image.default\">\n\t\t\t\t<div class=\"elementor-widget-container\">\n\t\t\t\t\t\t\t\t\t\t\t\t\t\t\t<img fetchpriority=\"high\" decoding=\"async\" width=\"768\" height=\"768\" src=\"https:\/\/i0.wp.com\/simplycolombiancoffee.com\/wp-content\/uploads\/2022\/02\/My-project.png?fit=768%2C768&amp;ssl=1\" class=\"attachment-medium_large size-medium_large wp-image-10662\" alt=\"Simply Colombian Logo\" srcset=\"https:\/\/i0.wp.com\/simplycolombiancoffee.com\/wp-content\/uploads\/2022\/02\/My-project.png?w=2560&amp;ssl=1 2560w, https:\/\/i0.wp.com\/simplycolombiancoffee.com\/wp-content\/uploads\/2022\/02\/My-project.png?resize=300%2C300&amp;ssl=1 300w, https:\/\/i0.wp.com\/simplycolombiancoffee.com\/wp-content\/uploads\/2022\/02\/My-project.png?resize=1024%2C1024&amp;ssl=1 1024w, https:\/\/i0.wp.com\/simplycolombiancoffee.com\/wp-content\/uploads\/2022\/02\/My-project.png?resize=150%2C150&amp;ssl=1 150w, https:\/\/i0.wp.com\/simplycolombiancoffee.com\/wp-content\/uploads\/2022\/02\/My-project.png?resize=768%2C768&amp;ssl=1 768w, https:\/\/i0.wp.com\/simplycolombiancoffee.com\/wp-content\/uploads\/2022\/02\/My-project.png?resize=1536%2C1536&amp;ssl=1 1536w, https:\/\/i0.wp.com\/simplycolombiancoffee.com\/wp-content\/uploads\/2022\/02\/My-project.png?resize=2048%2C2048&amp;ssl=1 2048w, https:\/\/i0.wp.com\/simplycolombiancoffee.com\/wp-content\/uploads\/2022\/02\/My-project.png?resize=400%2C400&amp;ssl=1 400w, https:\/\/i0.wp.com\/simplycolombiancoffee.com\/wp-content\/uploads\/2022\/02\/My-project.png?resize=100%2C100&amp;ssl=1 100w, https:\/\/i0.wp.com\/simplycolombiancoffee.com\/wp-content\/uploads\/2022\/02\/My-project.png?w=2400&amp;ssl=1 2400w\" sizes=\"(max-width: 768px) 100vw, 768px\" \/>\t\t\t\t\t\t\t\t\t\t\t\t\t\t\t<\/div>\n\t\t\t\t<\/div>\n\t\t\t\t<div class=\"elementor-element elementor-element-9b20faa elementor-widget elementor-widget-heading\" data-id=\"9b20faa\" data-element_type=\"widget\" data-e-type=\"widget\" data-widget_type=\"heading.default\">\n\t\t\t\t<div class=\"elementor-widget-container\">\n\t\t\t\t\t<h2 class=\"elementor-heading-title elementor-size-default\">Los agricultores<\/h2>\t\t\t\t<\/div>\n\t\t\t\t<\/div>\n\t\t\t\t<div class=\"elementor-element elementor-element-cf42c42 elementor-widget elementor-widget-text-editor\" data-id=\"cf42c42\" data-element_type=\"widget\" data-e-type=\"widget\" data-widget_type=\"text-editor.default\">\n\t\t\t\t<div class=\"elementor-widget-container\">\n\t\t\t\t\t\t\t\t\t<p>Colombia presume de una robusta producci\u00f3n cafetera, con numerosos productores repartidos por toda la regi\u00f3n. El intrincado proceso de cultivar y cosechar los granos de caf\u00e9 no es poca cosa, y estos agricultores se dedican a esta tarea con un cuidado y una atenci\u00f3n al detalle excepcionales. Cabe destacar que todas las cosechas se recogen exclusivamente a mano en Colombia.&nbsp;<\/p>\n<p>Esta pr\u00e1ctica tradicional garantiza que cada grano de caf\u00e9 sea evaluado y recogido a mano por los agricultores cualificados. Con a\u00f1os de experiencia, los agricultores pueden detectar la diferencia en el color, la textura y el tama\u00f1o de las jud\u00edas. Esto les permite seleccionar los mejores productos y descartar los granos inmaduros que, de otro modo, mermar\u00edan la calidad del caf\u00e9. El resultado es una infusi\u00f3n de calidad superior que deja una impresi\u00f3n duradera en el paladar del experto cafetero. Por ello, no es de extra\u00f1ar que el caf\u00e9 colombiano sea famoso por su excepcional sabor y calidad, gracias a estos esforzados agricultores.<\/p>\t\t\t\t\t\t\t\t<\/div>\n\t\t\t\t<\/div>\n\t\t\t\t<div class=\"elementor-element elementor-element-bf26106 elementor-widget elementor-widget-text-editor\" data-id=\"bf26106\" data-element_type=\"widget\" data-e-type=\"widget\" data-widget_type=\"text-editor.default\">\n\t\t\t\t<div class=\"elementor-widget-container\">\n\t\t\t\t\t\t\t\t\t<p>DATO DIVERTIDO: \u00bfSab\u00eda que el caf\u00e9 no es s\u00f3lo una bebida, sino una forma de vida para muchas personas? Los cultivadores de caf\u00e9 se dejan la piel en sus cosechas, y no se trata s\u00f3lo de obtener beneficios. Para estas dedicadas personas, el cultivo del caf\u00e9 es un asunto familiar que ha pasado de generaci\u00f3n en generaci\u00f3n. El Caf\u00e9 Simplemente Colombiano se produce en el Valle del Cauca, una regi\u00f3n del oeste de Colombia colindante con el oc\u00e9ano Pac\u00edfico; aqu\u00ed hay unas 35.000 familias dedicadas a esta actividad agr\u00edcola. Cada taza de caf\u00e9 es una labor de amor, y si tienes la suerte de disfrutar de un sorbo, est\u00e1s saboreando un rico patrimonio cultural. As\u00ed que, la pr\u00f3xima vez que tome un sorbo de caf\u00e9, recuerde que no s\u00f3lo est\u00e1 disfrutando de una deliciosa bebida, sino tambi\u00e9n de un trozo de historia y tradici\u00f3n. Salud al caf\u00e9 y a todos los cultivadores que con tanto esmero y esfuerzo lo traen a nuestras tazas.<\/p>\n\t\t\t\t\t\t\t\t<\/div>\n\t\t\t\t<\/div>\n\t\t\t\t<div class=\"elementor-element elementor-element-849f5fa elementor-button-danger elementor-align-center elementor-widget__width-inherit elementor-widget elementor-widget-button\" data-id=\"849f5fa\" data-element_type=\"widget\" data-e-type=\"widget\" data-settings=\"{&quot;_animation&quot;:&quot;none&quot;}\" data-widget_type=\"button.default\">\n\t\t\t\t<div class=\"elementor-widget-container\">\n\t\t\t\t\t\t\t\t\t<div class=\"elementor-button-wrapper\">\n\t\t\t\t\t<a class=\"elementor-button elementor-button-link elementor-size-xl elementor-animation-grow\" href=\"https:\/\/simplycolombiancoffee.com\/es\/nuestro-cafe\/\">\n\t\t\t\t\t\t<span class=\"elementor-button-content-wrapper\">\n\t\t\t\t\t\t<span class=\"elementor-button-icon\">\n\t\t\t\t<i aria-hidden=\"true\" class=\"fas fa-coffee\"><\/i>\t\t\t<\/span>\n\t\t\t\t\t\t\t\t\t<span class=\"elementor-button-text\">Comprar<\/span>\n\t\t\t\t\t<\/span>\n\t\t\t\t\t<\/a>\n\t\t\t\t<\/div>\n\t\t\t\t\t\t\t\t<\/div>\n\t\t\t\t<\/div>\n\t\t<div class=\"elementor-element elementor-element-854f379 e-flex e-con-boxed e-con e-child\" data-id=\"854f379\" data-element_type=\"container\" data-e-type=\"container\" data-settings=\"{&quot;background_background&quot;:&quot;classic&quot;}\">\n\t\t\t\t\t<div class=\"e-con-inner\">\n\t\t\t\t<div class=\"elementor-element elementor-element-dca01c3 elementor-skin-carousel elementor-arrows-yes elementor-pagination-type-bullets elementor-pagination-position-outside elementor-widget elementor-widget-media-carousel\" data-id=\"dca01c3\" data-element_type=\"widget\" data-e-type=\"widget\" data-settings=\"{&quot;speed&quot;:700,&quot;autoplay_speed&quot;:4000,&quot;slides_per_view&quot;:&quot;4&quot;,&quot;space_between&quot;:{&quot;unit&quot;:&quot;px&quot;,&quot;size&quot;:20,&quot;sizes&quot;:[]},&quot;space_between_tablet&quot;:{&quot;unit&quot;:&quot;px&quot;,&quot;size&quot;:20,&quot;sizes&quot;:[]},&quot;space_between_mobile&quot;:{&quot;unit&quot;:&quot;px&quot;,&quot;size&quot;:25,&quot;sizes&quot;:[]},&quot;lazyload&quot;:&quot;yes&quot;,&quot;skin&quot;:&quot;carousel&quot;,&quot;effect&quot;:&quot;slide&quot;,&quot;show_arrows&quot;:&quot;yes&quot;,&quot;pagination&quot;:&quot;bullets&quot;,&quot;autoplay&quot;:&quot;yes&quot;,&quot;loop&quot;:&quot;yes&quot;,&quot;pause_on_hover&quot;:&quot;yes&quot;,&quot;pause_on_interaction&quot;:&quot;yes&quot;}\" data-widget_type=\"media-carousel.default\">\n\t\t\t\t<div class=\"elementor-widget-container\">\n\t\t\t\t\t\t\t\t\t<div class=\"elementor-swiper\">\n\t\t\t\t\t<div class=\"elementor-main-swiper swiper\" role=\"region\" aria-roledescription=\"carousel\" aria-label=\"Diapositivas\">\n\t\t\t\t<div class=\"swiper-wrapper\">\n\t\t\t\t\t\t\t\t\t\t\t<div class=\"swiper-slide\" role=\"group\" aria-roledescription=\"slide\">\n\t\t\t\t\t\t\t<a href=\"https:\/\/simplycolombiancoffee.com\/wp-content\/uploads\/2021\/12\/Valle-del-Cauca-scaled.jpg\" data-elementor-open-lightbox=\"yes\" data-elementor-lightbox-slideshow=\"dca01c3\" data-elementor-lightbox-title=\"Valle del Cauca\" data-e-action-hash=\"#elementor-action%3Aaction%3Dlightbox%26settings%3DeyJpZCI6ODk1NiwidXJsIjoiaHR0cHM6XC9cL3NpbXBseWNvbG9tYmlhbmNvZmZlZS5jb21cL3dwLWNvbnRlbnRcL3VwbG9hZHNcLzIwMjFcLzEyXC9WYWxsZS1kZWwtQ2F1Y2Etc2NhbGVkLmpwZyIsInNsaWRlc2hvdyI6ImRjYTAxYzMifQ%3D%3D\">\t\t<div class=\"elementor-carousel-image swiper-lazy\" role=\"img\" aria-label=\"Valle del Cauca Colombia\" data-background=\"https:\/\/i0.wp.com\/simplycolombiancoffee.com\/wp-content\/uploads\/2021\/12\/Valle-del-Cauca-scaled.jpg?fit=2560%2C1707&amp;ssl=1\">\n\n\t\t\t\t\t\t\t<div class=\"swiper-lazy-preloader\"><\/div>\n\t\t\t\n\t\t\t\t\t<\/div>\n\t\t<\/a>\t\t\t\t\t\t<\/div>\n\t\t\t\t\t\t\t\t\t\t\t<div class=\"swiper-slide\" role=\"group\" aria-roledescription=\"slide\">\n\t\t\t\t\t\t\t<a href=\"https:\/\/simplycolombiancoffee.com\/wp-content\/uploads\/2021\/12\/Fields-scaled.jpg\" data-elementor-open-lightbox=\"yes\" data-elementor-lightbox-slideshow=\"dca01c3\" data-elementor-lightbox-title=\"Fields\" data-e-action-hash=\"#elementor-action%3Aaction%3Dlightbox%26settings%3DeyJpZCI6ODk4NywidXJsIjoiaHR0cHM6XC9cL3NpbXBseWNvbG9tYmlhbmNvZmZlZS5jb21cL3dwLWNvbnRlbnRcL3VwbG9hZHNcLzIwMjFcLzEyXC9GaWVsZHMtc2NhbGVkLmpwZyIsInNsaWRlc2hvdyI6ImRjYTAxYzMifQ%3D%3D\">\t\t<div class=\"elementor-carousel-image swiper-lazy\" role=\"img\" aria-label=\"Coffee fields\" data-background=\"https:\/\/i0.wp.com\/simplycolombiancoffee.com\/wp-content\/uploads\/2021\/12\/Fields-scaled.jpg?fit=2560%2C1707&amp;ssl=1\">\n\n\t\t\t\t\t\t\t<div class=\"swiper-lazy-preloader\"><\/div>\n\t\t\t\n\t\t\t\t\t<\/div>\n\t\t<\/a>\t\t\t\t\t\t<\/div>\n\t\t\t\t\t\t\t\t\t\t\t<div class=\"swiper-slide\" role=\"group\" aria-roledescription=\"slide\">\n\t\t\t\t\t\t\t<a href=\"https:\/\/simplycolombiancoffee.com\/wp-content\/uploads\/2021\/12\/Coffee-farmer-2.jpg\" data-elementor-open-lightbox=\"yes\" data-elementor-lightbox-slideshow=\"dca01c3\" data-elementor-lightbox-title=\"Coffee farmer\" data-e-action-hash=\"#elementor-action%3Aaction%3Dlightbox%26settings%3DeyJpZCI6ODk3MSwidXJsIjoiaHR0cHM6XC9cL3NpbXBseWNvbG9tYmlhbmNvZmZlZS5jb21cL3dwLWNvbnRlbnRcL3VwbG9hZHNcLzIwMjFcLzEyXC9Db2ZmZWUtZmFybWVyLTIuanBnIiwic2xpZGVzaG93IjoiZGNhMDFjMyJ9\">\t\t<div class=\"elementor-carousel-image swiper-lazy\" role=\"img\" aria-label=\"Coffee farmer\" data-background=\"https:\/\/i0.wp.com\/simplycolombiancoffee.com\/wp-content\/uploads\/2021\/12\/Coffee-farmer-2.jpg?fit=1000%2C667&amp;ssl=1\">\n\n\t\t\t\t\t\t\t<div class=\"swiper-lazy-preloader\"><\/div>\n\t\t\t\n\t\t\t\t\t<\/div>\n\t\t<\/a>\t\t\t\t\t\t<\/div>\n\t\t\t\t\t\t\t\t\t\t\t<div class=\"swiper-slide\" role=\"group\" aria-roledescription=\"slide\">\n\t\t\t\t\t\t\t<a href=\"https:\/\/simplycolombiancoffee.com\/wp-content\/uploads\/2021\/11\/farmer1.jpg\" data-elementor-open-lightbox=\"yes\" data-elementor-lightbox-slideshow=\"dca01c3\" data-elementor-lightbox-title=\"The farmer\" data-e-action-hash=\"#elementor-action%3Aaction%3Dlightbox%26settings%3DeyJpZCI6NzA5NSwidXJsIjoiaHR0cHM6XC9cL3NpbXBseWNvbG9tYmlhbmNvZmZlZS5jb21cL3dwLWNvbnRlbnRcL3VwbG9hZHNcLzIwMjFcLzExXC9mYXJtZXIxLmpwZyIsInNsaWRlc2hvdyI6ImRjYTAxYzMifQ%3D%3D\">\t\t<div class=\"elementor-carousel-image swiper-lazy\" role=\"img\" aria-label=\"Farmer showing one of the equipment used for processing the coffee cherries\" data-background=\"https:\/\/i0.wp.com\/simplycolombiancoffee.com\/wp-content\/uploads\/2021\/11\/farmer1.jpg?fit=1000%2C667&amp;ssl=1\">\n\n\t\t\t\t\t\t\t<div class=\"swiper-lazy-preloader\"><\/div>\n\t\t\t\n\t\t\t\t\t<\/div>\n\t\t<\/a>\t\t\t\t\t\t<\/div>\n\t\t\t\t\t\t\t\t\t\t\t<div class=\"swiper-slide\" role=\"group\" aria-roledescription=\"slide\">\n\t\t\t\t\t\t\t<a href=\"https:\/\/simplycolombiancoffee.com\/wp-content\/uploads\/2021\/11\/farmer-2.jpg\" data-elementor-open-lightbox=\"yes\" data-elementor-lightbox-slideshow=\"dca01c3\" data-elementor-lightbox-title=\"farmer\" data-e-action-hash=\"#elementor-action%3Aaction%3Dlightbox%26settings%3DeyJpZCI6NzA5NywidXJsIjoiaHR0cHM6XC9cL3NpbXBseWNvbG9tYmlhbmNvZmZlZS5jb21cL3dwLWNvbnRlbnRcL3VwbG9hZHNcLzIwMjFcLzExXC9mYXJtZXItMi5qcGciLCJzbGlkZXNob3ciOiJkY2EwMWMzIn0%3D\">\t\t<div class=\"elementor-carousel-image swiper-lazy\" role=\"img\" aria-label=\"Farmer processing coffee cherries\" data-background=\"https:\/\/i0.wp.com\/simplycolombiancoffee.com\/wp-content\/uploads\/2021\/11\/farmer-2.jpg?fit=1000%2C667&amp;ssl=1\">\n\n\t\t\t\t\t\t\t<div class=\"swiper-lazy-preloader\"><\/div>\n\t\t\t\n\t\t\t\t\t<\/div>\n\t\t<\/a>\t\t\t\t\t\t<\/div>\n\t\t\t\t\t\t\t\t\t<\/div>\n\t\t\t\t\t\t\t\t\t\t\t\t\t\t\t<div class=\"elementor-swiper-button elementor-swiper-button-prev\" role=\"button\" tabindex=\"0\" aria-label=\"Anterior\">\n\t\t\t\t\t\t\t<i aria-hidden=\"true\" class=\"eicon-chevron-left\"><\/i>\t\t\t\t\t\t<\/div>\n\t\t\t\t\t\t<div class=\"elementor-swiper-button elementor-swiper-button-next\" role=\"button\" tabindex=\"0\" aria-label=\"Siguiente\">\n\t\t\t\t\t\t\t<i aria-hidden=\"true\" class=\"eicon-chevron-right\"><\/i>\t\t\t\t\t\t<\/div>\n\t\t\t\t\t\t\t\t\t\t\t\t\t\t\t\t<div class=\"swiper-pagination\"><\/div>\n\t\t\t\t\t\t\t\t\t\t\t\t<\/div>\n\t\t\t\t<\/div>\n\t\t\t\t\t\t\t\t<\/div>\n\t\t\t\t<\/div>\n\t\t\t\t\t<\/div>\n\t\t\t\t<\/div>\n\t\t\t\t<\/div>\n\t\t\t\t\t<\/div>\n\t\t\t\t<\/div>\n\t\t\t\t<\/div>\n\t\t","protected":false},"excerpt":{"rendered":"<p>Los agricultores Colombia presume de una robusta producci\u00f3n cafetera, con numerosos productores repartidos por toda la regi\u00f3n. El intrincado proceso de cultivar y cosechar los granos de caf\u00e9 no es poca cosa, y estos agricultores se dedican a esta tarea con un cuidado y una atenci\u00f3n al detalle excepcionales. Cabe destacar que todas las cosechas [&hellip;]<\/p>\n","protected":false},"author":1,"featured_media":0,"parent":0,"menu_order":0,"comment_status":"closed","ping_status":"closed","template":"elementor_header_footer","meta":{"site-sidebar-layout":"no-sidebar","site-content-layout":"page-builder","ast-site-content-layout":"default","site-content-style":"default","site-sidebar-style":"default","ast-global-header-display":"","ast-banner-title-visibility":"","ast-main-header-display":"","ast-hfb-above-header-display":"","ast-hfb-below-header-display":"","ast-hfb-mobile-header-display":"","site-post-title":"disabled","ast-breadcrumbs-content":"","ast-featured-img":"disabled","footer-sml-layout":"","ast-disable-related-posts":"","theme-transparent-header-meta":"enabled","adv-header-id-meta":"","stick-header-meta":"","header-above-stick-meta":"","header-main-stick-meta":"","header-below-stick-meta":"","astra-migrate-meta-layouts":"default","ast-page-background-enabled":"default","ast-page-background-meta":{"desktop":{"background-color":"","background-image":"","background-repeat":"repeat","background-position":"center center","background-size":"auto","background-attachment":"scroll","background-type":"","background-media":"","overlay-type":"","overlay-color":"","overlay-opacity":"","overlay-gradient":""},"tablet":{"background-color":"","background-image":"","background-repeat":"repeat","background-position":"center center","background-size":"auto","background-attachment":"scroll","background-type":"","background-media":"","overlay-type":"","overlay-color":"","overlay-opacity":"","overlay-gradient":""},"mobile":{"background-color":"","background-image":"","background-repeat":"repeat","background-position":"center center","background-size":"auto","background-attachment":"scroll","background-type":"","background-media":"","overlay-type":"","overlay-color":"","overlay-opacity":"","overlay-gradient":""}},"ast-content-background-meta":{"desktop":{"background-color":"var(--ast-global-color-5)","background-image":"","background-repeat":"repeat","background-position":"center center","background-size":"auto","background-attachment":"scroll","background-type":"","background-media":"","overlay-type":"","overlay-color":"","overlay-opacity":"","overlay-gradient":""},"tablet":{"background-color":"var(--ast-global-color-5)","background-image":"","background-repeat":"repeat","background-position":"center center","background-size":"auto","background-attachment":"scroll","background-type":"","background-media":"","overlay-type":"","overlay-color":"","overlay-opacity":"","overlay-gradient":""},"mobile":{"background-color":"var(--ast-global-color-5)","background-image":"","background-repeat":"repeat","background-position":"center center","background-size":"auto","background-attachment":"scroll","background-type":"","background-media":"","overlay-type":"","overlay-color":"","overlay-opacity":"","overlay-gradient":""}},"advanced_seo_description":"","jetpack_seo_html_title":"","jetpack_seo_noindex":false,"footnotes":""},"class_list":["post-15299","page","type-page","status-publish","hentry"],"_links":{"self":[{"href":"https:\/\/simplycolombiancoffee.com\/es\/wp-json\/wp\/v2\/pages\/15299","targetHints":{"allow":["GET"]}}],"collection":[{"href":"https:\/\/simplycolombiancoffee.com\/es\/wp-json\/wp\/v2\/pages"}],"about":[{"href":"https:\/\/simplycolombiancoffee.com\/es\/wp-json\/wp\/v2\/types\/page"}],"author":[{"embeddable":true,"href":"https:\/\/simplycolombiancoffee.com\/es\/wp-json\/wp\/v2\/users\/1"}],"replies":[{"embeddable":true,"href":"https:\/\/simplycolombiancoffee.com\/es\/wp-json\/wp\/v2\/comments?post=15299"}],"version-history":[{"count":0,"href":"https:\/\/simplycolombiancoffee.com\/es\/wp-json\/wp\/v2\/pages\/15299\/revisions"}],"wp:attachment":[{"href":"https:\/\/simplycolombiancoffee.com\/es\/wp-json\/wp\/v2\/media?parent=15299"}],"curies":[{"name":"wp","href":"https:\/\/api.w.org\/{rel}","templated":true}]}}