{"id":12531,"date":"2022-08-13T13:59:02","date_gmt":"2022-08-13T17:59:02","guid":{"rendered":"https:\/\/simplycolombiancoffee.com\/los-granos\/"},"modified":"2023-11-22T23:33:44","modified_gmt":"2023-11-23T04:33:44","slug":"los-granos","status":"publish","type":"page","link":"https:\/\/simplycolombiancoffee.com\/es\/los-granos\/","title":{"rendered":"Los Granos"},"content":{"rendered":"\t\t<div data-elementor-type=\"wp-post\" data-elementor-id=\"12531\" class=\"elementor elementor-12531 elementor-12084\" data-elementor-post-type=\"page\">\n\t\t\t\t<div class=\"elementor-element elementor-element-9c8cc59 e-flex e-con-boxed e-con e-parent\" data-id=\"9c8cc59\" data-element_type=\"container\" data-e-type=\"container\" data-settings=\"{&quot;background_background&quot;:&quot;classic&quot;}\">\n\t\t\t\t\t<div class=\"e-con-inner\">\n\t\t<div class=\"elementor-element elementor-element-04951f2 e-con-full e-flex e-con e-child\" data-id=\"04951f2\" data-element_type=\"container\" data-e-type=\"container\" data-settings=\"{&quot;background_background&quot;:&quot;classic&quot;}\">\n\t\t\t\t<div class=\"elementor-element elementor-element-467d8be elementor-widget elementor-widget-image\" data-id=\"467d8be\" data-element_type=\"widget\" data-e-type=\"widget\" data-widget_type=\"image.default\">\n\t\t\t\t<div class=\"elementor-widget-container\">\n\t\t\t\t\t\t\t\t\t\t\t\t\t\t\t<img fetchpriority=\"high\" decoding=\"async\" width=\"768\" height=\"768\" src=\"https:\/\/i0.wp.com\/simplycolombiancoffee.com\/wp-content\/uploads\/2022\/02\/My-project.png?fit=768%2C768&amp;ssl=1\" class=\"attachment-medium_large size-medium_large wp-image-10662\" alt=\"Simply Colombian Logo\" srcset=\"https:\/\/i0.wp.com\/simplycolombiancoffee.com\/wp-content\/uploads\/2022\/02\/My-project.png?w=2560&amp;ssl=1 2560w, https:\/\/i0.wp.com\/simplycolombiancoffee.com\/wp-content\/uploads\/2022\/02\/My-project.png?resize=300%2C300&amp;ssl=1 300w, https:\/\/i0.wp.com\/simplycolombiancoffee.com\/wp-content\/uploads\/2022\/02\/My-project.png?resize=1024%2C1024&amp;ssl=1 1024w, https:\/\/i0.wp.com\/simplycolombiancoffee.com\/wp-content\/uploads\/2022\/02\/My-project.png?resize=150%2C150&amp;ssl=1 150w, https:\/\/i0.wp.com\/simplycolombiancoffee.com\/wp-content\/uploads\/2022\/02\/My-project.png?resize=768%2C768&amp;ssl=1 768w, https:\/\/i0.wp.com\/simplycolombiancoffee.com\/wp-content\/uploads\/2022\/02\/My-project.png?resize=1536%2C1536&amp;ssl=1 1536w, https:\/\/i0.wp.com\/simplycolombiancoffee.com\/wp-content\/uploads\/2022\/02\/My-project.png?resize=2048%2C2048&amp;ssl=1 2048w, https:\/\/i0.wp.com\/simplycolombiancoffee.com\/wp-content\/uploads\/2022\/02\/My-project.png?resize=400%2C400&amp;ssl=1 400w, https:\/\/i0.wp.com\/simplycolombiancoffee.com\/wp-content\/uploads\/2022\/02\/My-project.png?resize=100%2C100&amp;ssl=1 100w, https:\/\/i0.wp.com\/simplycolombiancoffee.com\/wp-content\/uploads\/2022\/02\/My-project.png?w=2400&amp;ssl=1 2400w\" sizes=\"(max-width: 768px) 100vw, 768px\" \/>\t\t\t\t\t\t\t\t\t\t\t\t\t\t\t<\/div>\n\t\t\t\t<\/div>\n\t\t\t\t<div class=\"elementor-element elementor-element-9b20faa elementor-widget elementor-widget-heading\" data-id=\"9b20faa\" data-element_type=\"widget\" data-e-type=\"widget\" data-widget_type=\"heading.default\">\n\t\t\t\t<div class=\"elementor-widget-container\">\n\t\t\t\t\t<h2 class=\"elementor-heading-title elementor-size-default\">Los Granos<\/h2>\t\t\t\t<\/div>\n\t\t\t\t<\/div>\n\t\t\t\t<div class=\"elementor-element elementor-element-cf42c42 elementor-widget elementor-widget-text-editor\" data-id=\"cf42c42\" data-element_type=\"widget\" data-e-type=\"widget\" data-widget_type=\"text-editor.default\">\n\t\t\t\t<div class=\"elementor-widget-container\">\n\t\t\t\t\t\t\t\t\t<p>Hay dos variedades principales de granos: Ar\u00e1bica y Robusta. Colombia es uno de los \u00fanicos pa\u00edses que produce granos 100% Ar\u00e1bica. Con menos cafe\u00edna que el Robusta, los granos de Ar\u00e1bica son un poco m\u00e1s dulces, un poco m\u00e1s suaves y conocidos por sus notas de chocolate. La mayor\u00eda de los amantes del caf\u00e9, eligen el Ar\u00e1bica.<\/p>\t\t\t\t\t\t\t\t<\/div>\n\t\t\t\t<\/div>\n\t\t<div class=\"elementor-element elementor-element-1a0ee9e e-con-full e-flex e-con e-child\" data-id=\"1a0ee9e\" data-element_type=\"container\" data-e-type=\"container\" data-settings=\"{&quot;background_background&quot;:&quot;classic&quot;}\">\n\t\t<div class=\"elementor-element elementor-element-715c3a2 e-con-full e-flex e-con e-child\" data-id=\"715c3a2\" data-element_type=\"container\" data-e-type=\"container\" data-settings=\"{&quot;background_background&quot;:&quot;classic&quot;}\" coffee=\"\">\n\t\t\t\t<div class=\"elementor-element elementor-element-77b3a03 elementor-widget-mobile__width-auto elementor-widget elementor-widget-image\" data-id=\"77b3a03\" data-element_type=\"widget\" data-e-type=\"widget\" protected=\"\" data-widget_type=\"image.default\">\n\t\t\t\t<div class=\"elementor-widget-container\">\n\t\t\t\t\t\t\t\t\t\t\t\t\t\t\t\t<a href=\"https:\/\/i0.wp.com\/simplycolombiancoffee.com\/wp-content\/uploads\/2021\/11\/LOGO-1_Mesa-de-trabajo-1.png?ssl=1\" data-elementor-open-lightbox=\"yes\" data-elementor-lightbox-title=\"Protected Designation of Origin\" data-e-action-hash=\"#elementor-action%3Aaction%3Dlightbox%26settings%3DeyJpZCI6MTA2MzMsInVybCI6Imh0dHBzOlwvXC9zaW1wbHljb2xvbWJpYW5jb2ZmZWUuY29tXC93cC1jb250ZW50XC91cGxvYWRzXC8yMDIxXC8xMVwvTE9HTy0xX01lc2EtZGUtdHJhYmFqby0xLnBuZyJ9\">\n\t\t\t\t\t\t\t<img decoding=\"async\" width=\"300\" height=\"242\" src=\"https:\/\/i0.wp.com\/simplycolombiancoffee.com\/wp-content\/uploads\/2021\/11\/LOGO-1_Mesa-de-trabajo-1.png?fit=300%2C242&amp;ssl=1\" class=\"attachment-medium size-medium wp-image-10633\" alt=\"\" srcset=\"https:\/\/i0.wp.com\/simplycolombiancoffee.com\/wp-content\/uploads\/2021\/11\/LOGO-1_Mesa-de-trabajo-1.png?w=430&amp;ssl=1 430w, https:\/\/i0.wp.com\/simplycolombiancoffee.com\/wp-content\/uploads\/2021\/11\/LOGO-1_Mesa-de-trabajo-1.png?resize=400%2C323&amp;ssl=1 400w, https:\/\/i0.wp.com\/simplycolombiancoffee.com\/wp-content\/uploads\/2021\/11\/LOGO-1_Mesa-de-trabajo-1.png?resize=300%2C242&amp;ssl=1 300w\" sizes=\"(max-width: 300px) 100vw, 300px\" \/>\t\t\t\t\t\t\t\t<\/a>\n\t\t\t\t\t\t\t\t\t\t\t\t\t\t\t<\/div>\n\t\t\t\t<\/div>\n\t\t<div class=\"elementor-element elementor-element-27005a4 e-con-full e-flex e-con e-child\" data-id=\"27005a4\" data-element_type=\"container\" data-e-type=\"container\">\n\t\t\t\t<div class=\"elementor-element elementor-element-1f96169 elementor-widget elementor-widget-heading\" data-id=\"1f96169\" data-element_type=\"widget\" data-e-type=\"widget\" data-widget_type=\"heading.default\">\n\t\t\t\t<div class=\"elementor-widget-container\">\n\t\t\t\t\t<h2 class=\"elementor-heading-title elementor-size-default\">\u00bfHas o\u00eddo hablar de la Denominaci\u00f3n de Origen Protegida?<\/h2>\t\t\t\t<\/div>\n\t\t\t\t<\/div>\n\t\t\t\t<div class=\"elementor-element elementor-element-f72df19 elementor-widget elementor-widget-text-editor\" data-id=\"f72df19\" data-element_type=\"widget\" data-e-type=\"widget\" data-widget_type=\"text-editor.default\">\n\t\t\t\t<div class=\"elementor-widget-container\">\n\t\t\t\t\t\t\t\t\t<p style=\"text-align: left;\"><a href=\"https:\/\/www.cafedecolombia.com\/particulares\/denomination-of-origin-cafe-de-colombia\/?lang=en\"><span style=\"color: #008080;\">La Denominaci\u00f3n de Origen Protegida<\/span><\/a> (DOP), es una denominaci\u00f3n que s\u00f3lo se concede a un producto o alimento que se elabora (produce, procesa y prepara) tradicionalmente y en su totalidad en una regi\u00f3n concreta. Nuestra marca Simply Colombian recibi\u00f3 esta designaci\u00f3n, puedes encontrar el sello en la parte delantera de nuestras bolsas. <\/p><p>Prep\u00e1rate para disfrutar de una taza de caf\u00e9 Simply Colombian, producido, procesado y preparado \u00edntegramente en la regi\u00f3n del Valle del Cauca en Colombia. 100% Colombiano, garantizado.<\/p>\t\t\t\t\t\t\t\t<\/div>\n\t\t\t\t<\/div>\n\t\t\t\t<\/div>\n\t\t\t\t<\/div>\n\t\t<div class=\"elementor-element elementor-element-967c466 e-con-full e-flex e-con e-child\" data-id=\"967c466\" data-element_type=\"container\" data-e-type=\"container\">\n\t\t\t\t<div class=\"elementor-element elementor-element-849f5fa elementor-button-danger elementor-align-center elementor-widget__width-inherit elementor-widget elementor-widget-button\" data-id=\"849f5fa\" data-element_type=\"widget\" data-e-type=\"widget\" data-settings=\"{&quot;_animation&quot;:&quot;none&quot;}\" data-widget_type=\"button.default\">\n\t\t\t\t<div class=\"elementor-widget-container\">\n\t\t\t\t\t\t\t\t\t<div class=\"elementor-button-wrapper\">\n\t\t\t\t\t<a class=\"elementor-button elementor-button-link elementor-size-xl elementor-animation-grow\" href=\"https:\/\/simplycolombiancoffee.com\/es\/nuestro-cafe\/\">\n\t\t\t\t\t\t<span class=\"elementor-button-content-wrapper\">\n\t\t\t\t\t\t<span class=\"elementor-button-icon\">\n\t\t\t\t<i aria-hidden=\"true\" class=\"fas fa-coffee\"><\/i>\t\t\t<\/span>\n\t\t\t\t\t\t\t\t\t<span class=\"elementor-button-text\">Comprar<\/span>\n\t\t\t\t\t<\/span>\n\t\t\t\t\t<\/a>\n\t\t\t\t<\/div>\n\t\t\t\t\t\t\t\t<\/div>\n\t\t\t\t<\/div>\n\t\t\t\t<\/div>\n\t\t\t\t<div class=\"elementor-element elementor-element-3e5e5ab elementor-widget elementor-widget-text-editor\" data-id=\"3e5e5ab\" data-element_type=\"widget\" data-e-type=\"widget\" data-widget_type=\"text-editor.default\">\n\t\t\t\t<div class=\"elementor-widget-container\">\n\t\t\t\t\t\t\t\t\t<p>DATO DIVERTIDO: El perfil de taza de nuestro Caf\u00e9 Simply Colombian contempla un aroma intenso, acidez media y cuerpo medio, combinando sus variadas notas de frutos rojos y la dulzura del caramelo como la melaza de los cultivos de ca\u00f1a de az\u00facar que rodean los cafetales de esta regi\u00f3n.<\/p>\t\t\t\t\t\t\t\t<\/div>\n\t\t\t\t<\/div>\n\t\t\t\t<div class=\"elementor-element elementor-element-af3831c elementor-hidden-phone elementor-widget elementor-widget-spacer\" data-id=\"af3831c\" data-element_type=\"widget\" data-e-type=\"widget\" data-widget_type=\"spacer.default\">\n\t\t\t\t<div class=\"elementor-widget-container\">\n\t\t\t\t\t\t\t<div class=\"elementor-spacer\">\n\t\t\t<div class=\"elementor-spacer-inner\"><\/div>\n\t\t<\/div>\n\t\t\t\t\t\t<\/div>\n\t\t\t\t<\/div>\n\t\t\t\t<\/div>\n\t\t<div class=\"elementor-element elementor-element-6b0053c e-con-full e-flex e-con e-child\" data-id=\"6b0053c\" data-element_type=\"container\" data-e-type=\"container\" data-settings=\"{&quot;background_background&quot;:&quot;gradient&quot;}\">\n\t\t\t\t<div class=\"elementor-element elementor-element-22f075b elementor-skin-carousel elementor-arrows-yes elementor-pagination-type-bullets elementor-pagination-position-outside elementor-widget elementor-widget-media-carousel\" data-id=\"22f075b\" data-element_type=\"widget\" data-e-type=\"widget\" data-settings=\"{&quot;speed&quot;:700,&quot;autoplay_speed&quot;:4000,&quot;slides_per_view&quot;:&quot;4&quot;,&quot;space_between&quot;:{&quot;unit&quot;:&quot;px&quot;,&quot;size&quot;:20,&quot;sizes&quot;:[]},&quot;space_between_tablet&quot;:{&quot;unit&quot;:&quot;px&quot;,&quot;size&quot;:20,&quot;sizes&quot;:[]},&quot;space_between_mobile&quot;:{&quot;unit&quot;:&quot;px&quot;,&quot;size&quot;:25,&quot;sizes&quot;:[]},&quot;lazyload&quot;:&quot;yes&quot;,&quot;skin&quot;:&quot;carousel&quot;,&quot;effect&quot;:&quot;slide&quot;,&quot;show_arrows&quot;:&quot;yes&quot;,&quot;pagination&quot;:&quot;bullets&quot;,&quot;autoplay&quot;:&quot;yes&quot;,&quot;pause_on_hover&quot;:&quot;yes&quot;,&quot;pause_on_interaction&quot;:&quot;yes&quot;}\" data-widget_type=\"media-carousel.default\">\n\t\t\t\t<div class=\"elementor-widget-container\">\n\t\t\t\t\t\t\t\t\t<div class=\"elementor-swiper\">\n\t\t\t\t\t<div class=\"elementor-main-swiper swiper\" role=\"region\" aria-roledescription=\"carousel\" aria-label=\"Diapositivas\">\n\t\t\t\t<div class=\"swiper-wrapper\">\n\t\t\t\t\t\t\t\t\t\t\t<div class=\"swiper-slide\" role=\"group\" aria-roledescription=\"slide\">\n\t\t\t\t\t\t\t<a href=\"https:\/\/simplycolombiancoffee.com\/wp-content\/uploads\/2021\/12\/Valle-del-Cauca-scaled.jpg\" data-elementor-open-lightbox=\"yes\" data-elementor-lightbox-slideshow=\"22f075b\" data-elementor-lightbox-title=\"Valle del Cauca\" data-e-action-hash=\"#elementor-action%3Aaction%3Dlightbox%26settings%3DeyJpZCI6ODk1NiwidXJsIjoiaHR0cHM6XC9cL3NpbXBseWNvbG9tYmlhbmNvZmZlZS5jb21cL3dwLWNvbnRlbnRcL3VwbG9hZHNcLzIwMjFcLzEyXC9WYWxsZS1kZWwtQ2F1Y2Etc2NhbGVkLmpwZyIsInNsaWRlc2hvdyI6IjIyZjA3NWIifQ%3D%3D\">\t\t<div class=\"elementor-carousel-image swiper-lazy\" role=\"img\" aria-label=\"Valle del Cauca Colombia\" data-background=\"https:\/\/i0.wp.com\/simplycolombiancoffee.com\/wp-content\/uploads\/2021\/12\/Valle-del-Cauca-scaled.jpg?fit=2560%2C1707&amp;ssl=1\">\n\n\t\t\t\t\t\t\t<div class=\"swiper-lazy-preloader\"><\/div>\n\t\t\t\n\t\t\t\t\t<\/div>\n\t\t<\/a>\t\t\t\t\t\t<\/div>\n\t\t\t\t\t\t\t\t\t\t\t<div class=\"swiper-slide\" role=\"group\" aria-roledescription=\"slide\">\n\t\t\t\t\t\t\t<a href=\"https:\/\/simplycolombiancoffee.com\/wp-content\/uploads\/2021\/12\/Finca-y-Loma.jpg\" data-elementor-open-lightbox=\"yes\" data-elementor-lightbox-slideshow=\"22f075b\" data-elementor-lightbox-title=\"Finca y Loma\" data-e-action-hash=\"#elementor-action%3Aaction%3Dlightbox%26settings%3DeyJpZCI6ODk1NywidXJsIjoiaHR0cHM6XC9cL3NpbXBseWNvbG9tYmlhbmNvZmZlZS5jb21cL3dwLWNvbnRlbnRcL3VwbG9hZHNcLzIwMjFcLzEyXC9GaW5jYS15LUxvbWEuanBnIiwic2xpZGVzaG93IjoiMjJmMDc1YiJ9\">\t\t<div class=\"elementor-carousel-image swiper-lazy\" role=\"img\" aria-label=\"Finca | this is one of the farms that produces the best coffee in the market | Simply Colombian Coffee\" data-background=\"https:\/\/i0.wp.com\/simplycolombiancoffee.com\/wp-content\/uploads\/2021\/12\/Finca-y-Loma.jpg?fit=1000%2C667&amp;ssl=1\">\n\n\t\t\t\t\t\t\t<div class=\"swiper-lazy-preloader\"><\/div>\n\t\t\t\n\t\t\t\t\t<\/div>\n\t\t<\/a>\t\t\t\t\t\t<\/div>\n\t\t\t\t\t\t\t\t\t\t\t<div class=\"swiper-slide\" role=\"group\" aria-roledescription=\"slide\">\n\t\t\t\t\t\t\t<a href=\"https:\/\/simplycolombiancoffee.com\/wp-content\/uploads\/2021\/12\/Green-Cherries.jpg\" data-elementor-open-lightbox=\"yes\" data-elementor-lightbox-slideshow=\"22f075b\" data-elementor-lightbox-title=\"Green Cherries\" data-e-action-hash=\"#elementor-action%3Aaction%3Dlightbox%26settings%3DeyJpZCI6ODk1OCwidXJsIjoiaHR0cHM6XC9cL3NpbXBseWNvbG9tYmlhbmNvZmZlZS5jb21cL3dwLWNvbnRlbnRcL3VwbG9hZHNcLzIwMjFcLzEyXC9HcmVlbi1DaGVycmllcy5qcGciLCJzbGlkZXNob3ciOiIyMmYwNzViIn0%3D\">\t\t<div class=\"elementor-carousel-image swiper-lazy\" role=\"img\" aria-label=\"green coffee cherries\" data-background=\"https:\/\/i0.wp.com\/simplycolombiancoffee.com\/wp-content\/uploads\/2021\/12\/Green-Cherries.jpg?fit=1000%2C667&amp;ssl=1\">\n\n\t\t\t\t\t\t\t<div class=\"swiper-lazy-preloader\"><\/div>\n\t\t\t\n\t\t\t\t\t<\/div>\n\t\t<\/a>\t\t\t\t\t\t<\/div>\n\t\t\t\t\t\t\t\t\t\t\t<div class=\"swiper-slide\" role=\"group\" aria-roledescription=\"slide\">\n\t\t\t\t\t\t\t<a href=\"https:\/\/simplycolombiancoffee.com\/wp-content\/uploads\/2021\/12\/Coffee-plant-1.jpg\" data-elementor-open-lightbox=\"yes\" data-elementor-lightbox-slideshow=\"22f075b\" data-elementor-lightbox-title=\"Coffee plant\" data-e-action-hash=\"#elementor-action%3Aaction%3Dlightbox%26settings%3DeyJpZCI6ODk1OSwidXJsIjoiaHR0cHM6XC9cL3NpbXBseWNvbG9tYmlhbmNvZmZlZS5jb21cL3dwLWNvbnRlbnRcL3VwbG9hZHNcLzIwMjFcLzEyXC9Db2ZmZWUtcGxhbnQtMS5qcGciLCJzbGlkZXNob3ciOiIyMmYwNzViIn0%3D\">\t\t<div class=\"elementor-carousel-image swiper-lazy\" role=\"img\" aria-label=\"coffee tree\" data-background=\"https:\/\/i0.wp.com\/simplycolombiancoffee.com\/wp-content\/uploads\/2021\/12\/Coffee-plant-1.jpg?fit=1000%2C667&amp;ssl=1\">\n\n\t\t\t\t\t\t\t<div class=\"swiper-lazy-preloader\"><\/div>\n\t\t\t\n\t\t\t\t\t<\/div>\n\t\t<\/a>\t\t\t\t\t\t<\/div>\n\t\t\t\t\t\t\t\t\t\t\t<div class=\"swiper-slide\" role=\"group\" aria-roledescription=\"slide\">\n\t\t\t\t\t\t\t<a href=\"https:\/\/simplycolombiancoffee.com\/wp-content\/uploads\/2021\/11\/Picker.jpg\" data-elementor-open-lightbox=\"yes\" data-elementor-lightbox-slideshow=\"22f075b\" data-elementor-lightbox-title=\"Picker\" data-e-action-hash=\"#elementor-action%3Aaction%3Dlightbox%26settings%3DeyJpZCI6NzA5OCwidXJsIjoiaHR0cHM6XC9cL3NpbXBseWNvbG9tYmlhbmNvZmZlZS5jb21cL3dwLWNvbnRlbnRcL3VwbG9hZHNcLzIwMjFcLzExXC9QaWNrZXIuanBnIiwic2xpZGVzaG93IjoiMjJmMDc1YiJ9\">\t\t<div class=\"elementor-carousel-image swiper-lazy\" role=\"img\" aria-label=\"picker harvesting | coffee plant\" data-background=\"https:\/\/i0.wp.com\/simplycolombiancoffee.com\/wp-content\/uploads\/2021\/11\/Picker.jpg?fit=1000%2C667&amp;ssl=1\">\n\n\t\t\t\t\t\t\t<div class=\"swiper-lazy-preloader\"><\/div>\n\t\t\t\n\t\t\t\t\t<\/div>\n\t\t<\/a>\t\t\t\t\t\t<\/div>\n\t\t\t\t\t\t\t\t\t\t\t<div class=\"swiper-slide\" role=\"group\" aria-roledescription=\"slide\">\n\t\t\t\t\t\t\t<a href=\"https:\/\/simplycolombiancoffee.com\/wp-content\/uploads\/2021\/12\/Coffee-Cherries-1.jpg\" data-elementor-open-lightbox=\"yes\" data-elementor-lightbox-slideshow=\"22f075b\" data-elementor-lightbox-title=\"Coffee Cherries\" data-e-action-hash=\"#elementor-action%3Aaction%3Dlightbox%26settings%3DeyJpZCI6ODk2MCwidXJsIjoiaHR0cHM6XC9cL3NpbXBseWNvbG9tYmlhbmNvZmZlZS5jb21cL3dwLWNvbnRlbnRcL3VwbG9hZHNcLzIwMjFcLzEyXC9Db2ZmZWUtQ2hlcnJpZXMtMS5qcGciLCJzbGlkZXNob3ciOiIyMmYwNzViIn0%3D\">\t\t<div class=\"elementor-carousel-image swiper-lazy\" role=\"img\" aria-label=\"Red coffee cherries\" data-background=\"https:\/\/i0.wp.com\/simplycolombiancoffee.com\/wp-content\/uploads\/2021\/12\/Coffee-Cherries-1.jpg?fit=1000%2C667&amp;ssl=1\">\n\n\t\t\t\t\t\t\t<div class=\"swiper-lazy-preloader\"><\/div>\n\t\t\t\n\t\t\t\t\t<\/div>\n\t\t<\/a>\t\t\t\t\t\t<\/div>\n\t\t\t\t\t\t\t\t\t<\/div>\n\t\t\t\t\t\t\t\t\t\t\t\t\t\t\t<div class=\"elementor-swiper-button elementor-swiper-button-prev\" role=\"button\" tabindex=\"0\" aria-label=\"Anterior\">\n\t\t\t\t\t\t\t<i aria-hidden=\"true\" class=\"eicon-chevron-left\"><\/i>\t\t\t\t\t\t<\/div>\n\t\t\t\t\t\t<div class=\"elementor-swiper-button elementor-swiper-button-next\" role=\"button\" tabindex=\"0\" aria-label=\"Siguiente\">\n\t\t\t\t\t\t\t<i aria-hidden=\"true\" class=\"eicon-chevron-right\"><\/i>\t\t\t\t\t\t<\/div>\n\t\t\t\t\t\t\t\t\t\t\t\t\t\t\t\t<div class=\"swiper-pagination\"><\/div>\n\t\t\t\t\t\t\t\t\t\t\t\t<\/div>\n\t\t\t\t<\/div>\n\t\t\t\t\t\t\t\t<\/div>\n\t\t\t\t<\/div>\n\t\t\t\t<\/div>\n\t\t\t\t<\/div>\n\t\t\t\t\t<\/div>\n\t\t\t\t<\/div>\n\t\t\t\t<\/div>\n\t\t","protected":false},"excerpt":{"rendered":"<p>Los Granos Hay dos variedades principales de granos: Ar\u00e1bica y Robusta. Colombia es uno de los \u00fanicos pa\u00edses que produce granos 100% Ar\u00e1bica. Con menos cafe\u00edna que el Robusta, los granos de Ar\u00e1bica son un poco m\u00e1s dulces, un poco m\u00e1s suaves y conocidos por sus notas de chocolate. La mayor\u00eda de los amantes del [&hellip;]<\/p>\n","protected":false},"author":1,"featured_media":0,"parent":0,"menu_order":0,"comment_status":"closed","ping_status":"closed","template":"elementor_header_footer","meta":{"site-sidebar-layout":"no-sidebar","site-content-layout":"page-builder","ast-site-content-layout":"default","site-content-style":"default","site-sidebar-style":"default","ast-global-header-display":"","ast-banner-title-visibility":"","ast-main-header-display":"","ast-hfb-above-header-display":"","ast-hfb-below-header-display":"","ast-hfb-mobile-header-display":"","site-post-title":"disabled","ast-breadcrumbs-content":"","ast-featured-img":"disabled","footer-sml-layout":"","ast-disable-related-posts":"","theme-transparent-header-meta":"enabled","adv-header-id-meta":"","stick-header-meta":"","header-above-stick-meta":"","header-main-stick-meta":"","header-below-stick-meta":"","astra-migrate-meta-layouts":"default","ast-page-background-enabled":"default","ast-page-background-meta":{"desktop":{"background-color":"","background-image":"","background-repeat":"repeat","background-position":"center center","background-size":"auto","background-attachment":"scroll","background-type":"","background-media":"","overlay-type":"","overlay-color":"","overlay-opacity":"","overlay-gradient":""},"tablet":{"background-color":"","background-image":"","background-repeat":"repeat","background-position":"center center","background-size":"auto","background-attachment":"scroll","background-type":"","background-media":"","overlay-type":"","overlay-color":"","overlay-opacity":"","overlay-gradient":""},"mobile":{"background-color":"","background-image":"","background-repeat":"repeat","background-position":"center center","background-size":"auto","background-attachment":"scroll","background-type":"","background-media":"","overlay-type":"","overlay-color":"","overlay-opacity":"","overlay-gradient":""}},"ast-content-background-meta":{"desktop":{"background-color":"var(--ast-global-color-5)","background-image":"","background-repeat":"repeat","background-position":"center center","background-size":"auto","background-attachment":"scroll","background-type":"","background-media":"","overlay-type":"","overlay-color":"","overlay-opacity":"","overlay-gradient":""},"tablet":{"background-color":"var(--ast-global-color-5)","background-image":"","background-repeat":"repeat","background-position":"center center","background-size":"auto","background-attachment":"scroll","background-type":"","background-media":"","overlay-type":"","overlay-color":"","overlay-opacity":"","overlay-gradient":""},"mobile":{"background-color":"var(--ast-global-color-5)","background-image":"","background-repeat":"repeat","background-position":"center center","background-size":"auto","background-attachment":"scroll","background-type":"","background-media":"","overlay-type":"","overlay-color":"","overlay-opacity":"","overlay-gradient":""}},"advanced_seo_description":"","jetpack_seo_html_title":"","jetpack_seo_noindex":false,"footnotes":""},"class_list":["post-12531","page","type-page","status-publish","hentry"],"_links":{"self":[{"href":"https:\/\/simplycolombiancoffee.com\/es\/wp-json\/wp\/v2\/pages\/12531","targetHints":{"allow":["GET"]}}],"collection":[{"href":"https:\/\/simplycolombiancoffee.com\/es\/wp-json\/wp\/v2\/pages"}],"about":[{"href":"https:\/\/simplycolombiancoffee.com\/es\/wp-json\/wp\/v2\/types\/page"}],"author":[{"embeddable":true,"href":"https:\/\/simplycolombiancoffee.com\/es\/wp-json\/wp\/v2\/users\/1"}],"replies":[{"embeddable":true,"href":"https:\/\/simplycolombiancoffee.com\/es\/wp-json\/wp\/v2\/comments?post=12531"}],"version-history":[{"count":0,"href":"https:\/\/simplycolombiancoffee.com\/es\/wp-json\/wp\/v2\/pages\/12531\/revisions"}],"wp:attachment":[{"href":"https:\/\/simplycolombiancoffee.com\/es\/wp-json\/wp\/v2\/media?parent=12531"}],"curies":[{"name":"wp","href":"https:\/\/api.w.org\/{rel}","templated":true}]}}