{"id":11987,"date":"2022-08-13T11:24:12","date_gmt":"2022-08-13T15:24:12","guid":{"rendered":"https:\/\/simplycolombiancoffee.com\/acerca-de\/"},"modified":"2022-08-20T20:50:11","modified_gmt":"2022-08-21T00:50:11","slug":"nuestra-historia","status":"publish","type":"page","link":"https:\/\/simplycolombiancoffee.com\/es\/nuestra-historia\/","title":{"rendered":"Nuestra Historia"},"content":{"rendered":"\t\t<div data-elementor-type=\"wp-page\" data-elementor-id=\"11987\" class=\"elementor elementor-11987 elementor-11980\" data-elementor-post-type=\"page\">\n\t\t\t\t<div class=\"elementor-element elementor-element-a30964c e-flex e-con-boxed e-con e-parent\" data-id=\"a30964c\" data-element_type=\"container\" data-e-type=\"container\" data-settings=\"{&quot;background_background&quot;:&quot;classic&quot;}\">\n\t\t\t\t\t<div class=\"e-con-inner\">\n\t\t<div class=\"elementor-element elementor-element-b61d68a e-con-full e-flex e-con e-child\" data-id=\"b61d68a\" data-element_type=\"container\" data-e-type=\"container\">\n\t\t\t\t<div class=\"elementor-element elementor-element-c2e7d7a elementor-widget elementor-widget-heading\" data-id=\"c2e7d7a\" data-element_type=\"widget\" data-e-type=\"widget\" data-widget_type=\"heading.default\">\n\t\t\t\t<div class=\"elementor-widget-container\">\n\t\t\t\t\t<h2 class=\"elementor-heading-title elementor-size-default\">Nuestra historia<\/h2>\t\t\t\t<\/div>\n\t\t\t\t<\/div>\n\t\t\t\t<div class=\"elementor-element elementor-element-214750a elementor-widget elementor-widget-image\" data-id=\"214750a\" data-element_type=\"widget\" data-e-type=\"widget\" data-widget_type=\"image.default\">\n\t\t\t\t<div class=\"elementor-widget-container\">\n\t\t\t\t\t\t\t\t\t\t\t\t\t\t\t<img fetchpriority=\"high\" decoding=\"async\" width=\"1024\" height=\"576\" src=\"https:\/\/i0.wp.com\/simplycolombiancoffee.com\/wp-content\/uploads\/2021\/12\/This-is-US.jpg?fit=1024%2C576&amp;ssl=1\" class=\"attachment-large size-large wp-image-10637\" alt=\"Juan and Chris, us\" srcset=\"https:\/\/i0.wp.com\/simplycolombiancoffee.com\/wp-content\/uploads\/2021\/12\/This-is-US.jpg?w=1200&amp;ssl=1 1200w, https:\/\/i0.wp.com\/simplycolombiancoffee.com\/wp-content\/uploads\/2021\/12\/This-is-US.jpg?resize=300%2C169&amp;ssl=1 300w, https:\/\/i0.wp.com\/simplycolombiancoffee.com\/wp-content\/uploads\/2021\/12\/This-is-US.jpg?resize=1024%2C576&amp;ssl=1 1024w, https:\/\/i0.wp.com\/simplycolombiancoffee.com\/wp-content\/uploads\/2021\/12\/This-is-US.jpg?resize=768%2C432&amp;ssl=1 768w, https:\/\/i0.wp.com\/simplycolombiancoffee.com\/wp-content\/uploads\/2021\/12\/This-is-US.jpg?resize=400%2C225&amp;ssl=1 400w\" sizes=\"(max-width: 1024px) 100vw, 1024px\" \/>\t\t\t\t\t\t\t\t\t\t\t\t\t\t\t<\/div>\n\t\t\t\t<\/div>\n\t\t\t\t<div class=\"elementor-element elementor-element-52566f6 elementor-widget elementor-widget-text-editor\" data-id=\"52566f6\" data-element_type=\"widget\" data-e-type=\"widget\" data-widget_type=\"text-editor.default\">\n\t\t\t\t<div class=\"elementor-widget-container\">\n\t\t\t\t\t\t\t\t\t<p>\u00a1\u00a1\u00a1H O L A!!!<br><span style=\"font-size: 20px; color: var( --e-global-color-31b2b0f3 ); background-color: var( --e-global-color-5b51eaa );\">Somos Juan y Chris, \u00a1y nos encanta Colombia! \u00bfUna de las cosas que m\u00e1s nos gustan? El caf\u00e9, por supuesto. No hay nada mejor que el caf\u00e9 colombiano en grano 100% ar\u00e1bica de primera calidad. \u00a1Te prometemos que te va a encantar! A partir de ahora, hay dos tuestes que esperan entrar en tu taza: Criollo (medio) y Berraco (oscuro). Nuestro tueste ligero est\u00e1 en proceso y con el tiempo tendremos algunas sorpresas&#8230; esperamos que saborees cada sorbo, as\u00ed que hasta entonces, olvida todo lo que crees saber sobre el caf\u00e9 y prep\u00e1rete para sorprenderte.<br><\/span><span style=\"font-size: 20px; color: var( --e-global-color-31b2b0f3 ); background-color: var( --e-global-color-5b51eaa );\"><br>Creemos que el escenario perfecto para contar historias, compartir luchas, celebrar victorias y echar una mano es una mesa con una taza de caf\u00e9. Como seguidores de Cristo, parte de nuestra misi\u00f3n es vivir activamente Hebreos 10:24-25: <\/span><span style=\"color: #31ccbf;\"><span style=\"font-size: 20px; background-color: var( --e-global-color-5b51eaa );\"><em><strong>\u00abY consideremos c\u00f3mo incitarnos unos a otros al amor y a las buenas obras, no dejando de reunirnos, como acostumbran algunos, sino anim\u00e1ndonos unos a otros, y tanto m\u00e1s cuanto veis que se acerca el D\u00eda.\u00bb<\/strong><\/em><\/span><span style=\"font-size: 20px; background-color: var( --e-global-color-5b51eaa );\"> <\/span><\/span><\/p><p><span style=\"font-size: 20px; color: var( --e-global-color-31b2b0f3 ); background-color: var( --e-global-color-5b51eaa );\">Queremos que te unas a nosotros. Si es tu primera vez aqu\u00ed, esperamos que no sea la \u00faltima. Sabemos que nuestro caf\u00e9 elevar\u00e1 tu ritual diario &#8211; se dice que <span style=\"color: #ffffff;\"><a style=\"color: #ffffff;\" href=\"https:\/\/simplycolombiancoffee.com\/tasting-notes\/\">El caf\u00e9 de Simply Colombian es extraordinario<\/a><\/span> &#8211; no podemos esperar a compartirlo con usted&#8230;s<\/span><span style=\"background-color: var( --e-global-color-5b51eaa ); color: var( --e-global-color-31b2b0f3 ); font-size: 20px;\">o, qu\u00e9date un rato, haz clic en nuestro sitio, s\u00edguenos, danos un \u00abme gusta\u00bb, danos tu opini\u00f3n. Gracias por visitarnos, \u00a1esperamos conocerte mejor!<\/span><\/p><p><span style=\"font-size: 20px; color: var( --e-global-color-31b2b0f3 ); background-color: var( --e-global-color-5b51eaa );\">Bebe excepcionalmente,<br><\/span><span style=\"font-size: 20px; color: var( --e-global-color-31b2b0f3 ); background-color: var( --e-global-color-5b51eaa );\">Juan y Chris<\/span><\/p><p style=\"padding-left: 40px;\">DATO DIVERTIDO: El caf\u00e9 de Colombia es de origen \u00fanico, socialmente responsable y ayuda a los peque\u00f1os agricultores a avanzar hacia un futuro mejor. <span style=\"color: #ffffff;\"><a style=\"color: #ffffff;\" href=\"https:\/\/simplycolombiancoffee.com\/es\/nuestros-granos\/\">Hay m\u00e1s de 3.500 familias de productores que recogen cada cereza de caf\u00e9 a mano.<\/a> <\/span>Tu compra significa que est\u00e1s ayudando a mejorar la vida de los agricultores y sus familias, y que est\u00e1 obteniendo caf\u00e9 de la m\u00e1s alta calidad en tu taza.<\/p>\t\t\t\t\t\t\t\t<\/div>\n\t\t\t\t<\/div>\n\t\t\t\t<div class=\"elementor-element elementor-element-af8a590 elementor-button-success elementor-align-center elementor-widget elementor-widget-button\" data-id=\"af8a590\" data-element_type=\"widget\" data-e-type=\"widget\" data-widget_type=\"button.default\">\n\t\t\t\t<div class=\"elementor-widget-container\">\n\t\t\t\t\t\t\t\t\t<div class=\"elementor-button-wrapper\">\n\t\t\t\t\t<a class=\"elementor-button elementor-button-link elementor-size-sm\" href=\"https:\/\/simplycolombiancoffee.com\/es\/tienda\/\">\n\t\t\t\t\t\t<span class=\"elementor-button-content-wrapper\">\n\t\t\t\t\t\t<span class=\"elementor-button-icon\">\n\t\t\t\t<i aria-hidden=\"true\" class=\"fas fa-coffee\"><\/i>\t\t\t<\/span>\n\t\t\t\t\t\t\t\t\t<span class=\"elementor-button-text\">Comprar<\/span>\n\t\t\t\t\t<\/span>\n\t\t\t\t\t<\/a>\n\t\t\t\t<\/div>\n\t\t\t\t\t\t\t\t<\/div>\n\t\t\t\t<\/div>\n\t\t\t\t<\/div>\n\t\t\t\t\t<\/div>\n\t\t\t\t<\/div>\n\t\t\t\t<\/div>\n\t\t","protected":false},"excerpt":{"rendered":"<p>Nuestra historia \u00a1\u00a1\u00a1H O L A!!!Somos Juan y Chris, \u00a1y nos encanta Colombia! \u00bfUna de las cosas que m\u00e1s nos gustan? El caf\u00e9, por supuesto. No hay nada mejor que el caf\u00e9 colombiano en grano 100% ar\u00e1bica de primera calidad. \u00a1Te prometemos que te va a encantar! A partir de ahora, hay dos tuestes que [&hellip;]<\/p>\n","protected":false},"author":1,"featured_media":0,"parent":0,"menu_order":0,"comment_status":"closed","ping_status":"closed","template":"","meta":{"site-sidebar-layout":"no-sidebar","site-content-layout":"page-builder","ast-site-content-layout":"default","site-content-style":"default","site-sidebar-style":"default","ast-global-header-display":"","ast-banner-title-visibility":"","ast-main-header-display":"","ast-hfb-above-header-display":"","ast-hfb-below-header-display":"","ast-hfb-mobile-header-display":"","site-post-title":"disabled","ast-breadcrumbs-content":"","ast-featured-img":"disabled","footer-sml-layout":"","ast-disable-related-posts":"","theme-transparent-header-meta":"","adv-header-id-meta":"","stick-header-meta":"","header-above-stick-meta":"","header-main-stick-meta":"","header-below-stick-meta":"","astra-migrate-meta-layouts":"default","ast-page-background-enabled":"default","ast-page-background-meta":{"desktop":{"background-color":"","background-image":"","background-repeat":"repeat","background-position":"center center","background-size":"auto","background-attachment":"scroll","background-type":"","background-media":"","overlay-type":"","overlay-color":"","overlay-opacity":"","overlay-gradient":""},"tablet":{"background-color":"","background-image":"","background-repeat":"repeat","background-position":"center center","background-size":"auto","background-attachment":"scroll","background-type":"","background-media":"","overlay-type":"","overlay-color":"","overlay-opacity":"","overlay-gradient":""},"mobile":{"background-color":"","background-image":"","background-repeat":"repeat","background-position":"center center","background-size":"auto","background-attachment":"scroll","background-type":"","background-media":"","overlay-type":"","overlay-color":"","overlay-opacity":"","overlay-gradient":""}},"ast-content-background-meta":{"desktop":{"background-color":"var(--ast-global-color-5)","background-image":"","background-repeat":"repeat","background-position":"center center","background-size":"auto","background-attachment":"scroll","background-type":"","background-media":"","overlay-type":"","overlay-color":"","overlay-opacity":"","overlay-gradient":""},"tablet":{"background-color":"var(--ast-global-color-5)","background-image":"","background-repeat":"repeat","background-position":"center center","background-size":"auto","background-attachment":"scroll","background-type":"","background-media":"","overlay-type":"","overlay-color":"","overlay-opacity":"","overlay-gradient":""},"mobile":{"background-color":"var(--ast-global-color-5)","background-image":"","background-repeat":"repeat","background-position":"center center","background-size":"auto","background-attachment":"scroll","background-type":"","background-media":"","overlay-type":"","overlay-color":"","overlay-opacity":"","overlay-gradient":""}},"advanced_seo_description":"","jetpack_seo_html_title":"","jetpack_seo_noindex":false,"footnotes":""},"class_list":["post-11987","page","type-page","status-publish","hentry"],"_links":{"self":[{"href":"https:\/\/simplycolombiancoffee.com\/es\/wp-json\/wp\/v2\/pages\/11987","targetHints":{"allow":["GET"]}}],"collection":[{"href":"https:\/\/simplycolombiancoffee.com\/es\/wp-json\/wp\/v2\/pages"}],"about":[{"href":"https:\/\/simplycolombiancoffee.com\/es\/wp-json\/wp\/v2\/types\/page"}],"author":[{"embeddable":true,"href":"https:\/\/simplycolombiancoffee.com\/es\/wp-json\/wp\/v2\/users\/1"}],"replies":[{"embeddable":true,"href":"https:\/\/simplycolombiancoffee.com\/es\/wp-json\/wp\/v2\/comments?post=11987"}],"version-history":[{"count":0,"href":"https:\/\/simplycolombiancoffee.com\/es\/wp-json\/wp\/v2\/pages\/11987\/revisions"}],"wp:attachment":[{"href":"https:\/\/simplycolombiancoffee.com\/es\/wp-json\/wp\/v2\/media?parent=11987"}],"curies":[{"name":"wp","href":"https:\/\/api.w.org\/{rel}","templated":true}]}}