{"id":11904,"date":"2022-08-13T00:18:08","date_gmt":"2022-08-13T04:18:08","guid":{"rendered":"https:\/\/simplycolombiancoffee.com\/nuestro-cafe\/"},"modified":"2026-02-24T14:00:48","modified_gmt":"2026-02-24T19:00:48","slug":"nuestro-cafe","status":"publish","type":"page","link":"https:\/\/simplycolombiancoffee.com\/es\/nuestro-cafe\/","title":{"rendered":"Caf\u00e9"},"content":{"rendered":"\t\t<div data-elementor-type=\"wp-page\" data-elementor-id=\"11904\" class=\"elementor elementor-11904 elementor-11877\" data-elementor-post-type=\"page\">\n\t\t\t\t<div class=\"elementor-element elementor-element-2a0d616 e-flex e-con-boxed e-con e-parent\" data-id=\"2a0d616\" data-element_type=\"container\" data-e-type=\"container\">\n\t\t\t\t\t<div class=\"e-con-inner\">\n\t\t\t\t\t<\/div>\n\t\t\t\t<\/div>\n\t\t<div class=\"elementor-element elementor-element-504c9f3 e-con-full e-flex e-con e-parent\" data-id=\"504c9f3\" data-element_type=\"container\" data-e-type=\"container\">\n\t\t<div class=\"elementor-element elementor-element-bd70ce3 e-flex e-con-boxed elementor-invisible e-con e-child\" data-id=\"bd70ce3\" data-element_type=\"container\" data-e-type=\"container\" data-settings=\"{&quot;animation&quot;:&quot;fadeIn&quot;,&quot;animation_delay&quot;:800}\">\n\t\t\t\t\t<div class=\"e-con-inner\">\n\t\t<div class=\"elementor-element elementor-element-5384dc1 e-con-full e-flex e-con e-child\" data-id=\"5384dc1\" data-element_type=\"container\" data-e-type=\"container\">\n\t\t\t\t<div class=\"elementor-element elementor-element-5e2f958 elementor-widget elementor-widget-image\" data-id=\"5e2f958\" data-element_type=\"widget\" data-e-type=\"widget\" data-widget_type=\"image.default\">\n\t\t\t\t<div class=\"elementor-widget-container\">\n\t\t\t\t\t\t\t\t\t\t\t\t\t\t\t<img fetchpriority=\"high\" decoding=\"async\" width=\"768\" height=\"768\" src=\"https:\/\/i0.wp.com\/simplycolombiancoffee.com\/wp-content\/uploads\/2022\/02\/My-project.png?fit=768%2C768&amp;ssl=1\" class=\"attachment-medium_large size-medium_large wp-image-10662\" alt=\"Simply Colombian Logo\" srcset=\"https:\/\/i0.wp.com\/simplycolombiancoffee.com\/wp-content\/uploads\/2022\/02\/My-project.png?w=2560&amp;ssl=1 2560w, https:\/\/i0.wp.com\/simplycolombiancoffee.com\/wp-content\/uploads\/2022\/02\/My-project.png?resize=300%2C300&amp;ssl=1 300w, https:\/\/i0.wp.com\/simplycolombiancoffee.com\/wp-content\/uploads\/2022\/02\/My-project.png?resize=1024%2C1024&amp;ssl=1 1024w, https:\/\/i0.wp.com\/simplycolombiancoffee.com\/wp-content\/uploads\/2022\/02\/My-project.png?resize=150%2C150&amp;ssl=1 150w, https:\/\/i0.wp.com\/simplycolombiancoffee.com\/wp-content\/uploads\/2022\/02\/My-project.png?resize=768%2C768&amp;ssl=1 768w, https:\/\/i0.wp.com\/simplycolombiancoffee.com\/wp-content\/uploads\/2022\/02\/My-project.png?resize=1536%2C1536&amp;ssl=1 1536w, https:\/\/i0.wp.com\/simplycolombiancoffee.com\/wp-content\/uploads\/2022\/02\/My-project.png?resize=2048%2C2048&amp;ssl=1 2048w, https:\/\/i0.wp.com\/simplycolombiancoffee.com\/wp-content\/uploads\/2022\/02\/My-project.png?resize=400%2C400&amp;ssl=1 400w, https:\/\/i0.wp.com\/simplycolombiancoffee.com\/wp-content\/uploads\/2022\/02\/My-project.png?resize=100%2C100&amp;ssl=1 100w, https:\/\/i0.wp.com\/simplycolombiancoffee.com\/wp-content\/uploads\/2022\/02\/My-project.png?w=2400&amp;ssl=1 2400w\" sizes=\"(max-width: 768px) 100vw, 768px\" \/>\t\t\t\t\t\t\t\t\t\t\t\t\t\t\t<\/div>\n\t\t\t\t<\/div>\n\t\t\t\t<div class=\"elementor-element elementor-element-885d76c elementor-widget-tablet__width-inherit elementor-widget elementor-widget-heading\" data-id=\"885d76c\" data-element_type=\"widget\" data-e-type=\"widget\" data-widget_type=\"heading.default\">\n\t\t\t\t<div class=\"elementor-widget-container\">\n\t\t\t\t\t<h2 class=\"elementor-heading-title elementor-size-default\">Caf\u00e9 especial de origen \u00fanico<\/h2>\t\t\t\t<\/div>\n\t\t\t\t<\/div>\n\t\t\t\t<\/div>\n\t\t\t\t<div class=\"elementor-element elementor-element-6680b37 elementor-widget__width-inherit elementor-widget elementor-widget-text-editor\" data-id=\"6680b37\" data-element_type=\"widget\" data-e-type=\"widget\" data-widget_type=\"text-editor.default\">\n\t\t\t\t<div class=\"elementor-widget-container\">\n\t\t\t\t\t\t\t\t\t<p>Gracias por comprar en Simply Colombian Coffee. Es un placer para nosotros formar parte de su ritual del caf\u00e9.<\/p>\t\t\t\t\t\t\t\t<\/div>\n\t\t\t\t<\/div>\n\t\t\t\t\t<\/div>\n\t\t\t\t<\/div>\n\t\t\t\t<\/div>\n\t\t<div class=\"elementor-element elementor-element-c40ebe3 e-flex e-con-boxed e-con e-parent\" data-id=\"c40ebe3\" data-element_type=\"container\" data-e-type=\"container\" data-settings=\"{&quot;background_background&quot;:&quot;classic&quot;}\">\n\t\t\t\t\t<div class=\"e-con-inner\">\n\t\t<div class=\"elementor-element elementor-element-9d97e7a e-con-full e-flex e-con e-child\" data-id=\"9d97e7a\" data-element_type=\"container\" data-e-type=\"container\" data-settings=\"{&quot;background_background&quot;:&quot;classic&quot;,&quot;background_motion_fx_motion_fx_scrolling&quot;:&quot;yes&quot;,&quot;background_motion_fx_scale_effect&quot;:&quot;yes&quot;,&quot;background_motion_fx_scale_speed&quot;:{&quot;unit&quot;:&quot;px&quot;,&quot;size&quot;:1,&quot;sizes&quot;:[]},&quot;background_motion_fx_scale_range&quot;:{&quot;unit&quot;:&quot;%&quot;,&quot;size&quot;:&quot;&quot;,&quot;sizes&quot;:{&quot;start&quot;:0,&quot;end&quot;:100}},&quot;background_motion_fx_scale_direction&quot;:&quot;out-in&quot;,&quot;background_motion_fx_devices&quot;:[&quot;desktop&quot;,&quot;tablet&quot;,&quot;mobile&quot;]}\">\n\t\t\t\t<div class=\"elementor-element elementor-element-7dd85f2 elementor-widget-tablet__width-inherit elementor-widget__width-initial elementor-widget elementor-widget-heading\" data-id=\"7dd85f2\" data-element_type=\"widget\" data-e-type=\"widget\" data-widget_type=\"heading.default\">\n\t\t\t\t<div class=\"elementor-widget-container\">\n\t\t\t\t\t<h3 class=\"elementor-heading-title elementor-size-default\"><a href=\"https:\/\/simplycolombiancoffee.com\/shop\/premium-arabica-whole-bean-coffee\/\">Criollo\n<\/a><\/h3>\t\t\t\t<\/div>\n\t\t\t\t<\/div>\n\t\t\t\t<div class=\"elementor-element elementor-element-6ee50e6 elementor-widget-tablet__width-inherit elementor-widget__width-initial elementor-widget elementor-widget-heading\" data-id=\"6ee50e6\" data-element_type=\"widget\" data-e-type=\"widget\" data-widget_type=\"heading.default\">\n\t\t\t\t<div class=\"elementor-widget-container\">\n\t\t\t\t\t<h3 class=\"elementor-heading-title elementor-size-default\"><a href=\"https:\/\/simplycolombiancoffee.com\/shop\/premium-arabica-whole-bean-coffee\/\">Tostion media<\/a><\/h3>\t\t\t\t<\/div>\n\t\t\t\t<\/div>\n\t\t\t\t<div class=\"elementor-element elementor-element-99b5f4d elementor-widget-tablet__width-inherit elementor-widget elementor-widget-image\" data-id=\"99b5f4d\" data-element_type=\"widget\" data-e-type=\"widget\" data-widget_type=\"image.default\">\n\t\t\t\t<div class=\"elementor-widget-container\">\n\t\t\t\t\t\t\t\t\t\t\t\t\t\t\t\t<a href=\"https:\/\/i0.wp.com\/simplycolombiancoffee.com\/wp-content\/uploads\/2022\/08\/Criollo.png?ssl=1\" data-elementor-open-lightbox=\"yes\" data-elementor-lightbox-title=\"Criollo\" data-e-action-hash=\"#elementor-action%3Aaction%3Dlightbox%26settings%3DeyJpZCI6MTE4ODcsInVybCI6Imh0dHBzOlwvXC9zaW1wbHljb2xvbWJpYW5jb2ZmZWUuY29tXC93cC1jb250ZW50XC91cGxvYWRzXC8yMDIyXC8wOFwvQ3Jpb2xsby5wbmcifQ%3D%3D\">\n\t\t\t\t\t\t\t<img decoding=\"async\" width=\"750\" height=\"500\" src=\"https:\/\/i0.wp.com\/simplycolombiancoffee.com\/wp-content\/uploads\/2022\/08\/Criollo.png?fit=750%2C500&amp;ssl=1\" class=\"attachment-medium_large size-medium_large wp-image-11887\" alt=\"single origin medium roast\" srcset=\"https:\/\/i0.wp.com\/simplycolombiancoffee.com\/wp-content\/uploads\/2022\/08\/Criollo.png?w=750&amp;ssl=1 750w, https:\/\/i0.wp.com\/simplycolombiancoffee.com\/wp-content\/uploads\/2022\/08\/Criollo.png?resize=300%2C200&amp;ssl=1 300w, https:\/\/i0.wp.com\/simplycolombiancoffee.com\/wp-content\/uploads\/2022\/08\/Criollo.png?resize=80%2C53&amp;ssl=1 80w, https:\/\/i0.wp.com\/simplycolombiancoffee.com\/wp-content\/uploads\/2022\/08\/Criollo.png?resize=400%2C267&amp;ssl=1 400w\" sizes=\"(max-width: 750px) 100vw, 750px\" \/>\t\t\t\t\t\t\t\t<\/a>\n\t\t\t\t\t\t\t\t\t\t\t\t\t\t\t<\/div>\n\t\t\t\t<\/div>\n\t\t\t\t<\/div>\n\t\t<div class=\"elementor-element elementor-element-353b8be e-con-full e-flex e-con e-child\" data-id=\"353b8be\" data-element_type=\"container\" data-e-type=\"container\">\n\t\t\t\t<div class=\"elementor-element elementor-element-4aade96 elementor-button-danger elementor-align-center elementor-widget-tablet__width-inherit elementor-widget elementor-widget-button\" data-id=\"4aade96\" data-element_type=\"widget\" data-e-type=\"widget\" data-settings=\"{&quot;_animation&quot;:&quot;none&quot;}\" data-widget_type=\"button.default\">\n\t\t\t\t<div class=\"elementor-widget-container\">\n\t\t\t\t\t\t\t\t\t<div class=\"elementor-button-wrapper\">\n\t\t\t\t\t<a class=\"elementor-button elementor-button-link elementor-size-xl elementor-animation-grow\" href=\"https:\/\/simplycolombiancoffee.com\/shop\/premium-arabica-whole-bean-coffee\/\">\n\t\t\t\t\t\t<span class=\"elementor-button-content-wrapper\">\n\t\t\t\t\t\t<span class=\"elementor-button-icon\">\n\t\t\t\t<i aria-hidden=\"true\" class=\"fas fa-coffee\"><\/i>\t\t\t<\/span>\n\t\t\t\t\t\t\t\t\t<span class=\"elementor-button-text\">Comprar<\/span>\n\t\t\t\t\t<\/span>\n\t\t\t\t\t<\/a>\n\t\t\t\t<\/div>\n\t\t\t\t\t\t\t\t<\/div>\n\t\t\t\t<\/div>\n\t\t\t\t<div class=\"elementor-element elementor-element-cdd9690 elementor-widget elementor-widget-text-editor\" data-id=\"cdd9690\" data-element_type=\"widget\" data-e-type=\"widget\" data-widget_type=\"text-editor.default\">\n\t\t\t\t<div class=\"elementor-widget-container\">\n\t\t\t\t\t\t\t\t\t<div><a href=\"http:\/\/www.simplycolombiancoffee.com\/\">Caf\u00e9 100% ar\u00e1bica colombiano en grano<\/a>; cuerpo medio, sabor suave. Combina bien con manzanas, croissants de mantequilla, pan salado o dulce, pretzels y helado.<\/div>\t\t\t\t\t\t\t\t<\/div>\n\t\t\t\t<\/div>\n\t\t\t\t<\/div>\n\t\t\t\t\t<\/div>\n\t\t\t\t<\/div>\n\t\t<div class=\"elementor-element elementor-element-f4c545f e-flex e-con-boxed e-con e-parent\" data-id=\"f4c545f\" data-element_type=\"container\" data-e-type=\"container\" data-settings=\"{&quot;background_background&quot;:&quot;classic&quot;}\">\n\t\t\t\t\t<div class=\"e-con-inner\">\n\t\t<div class=\"elementor-element elementor-element-3d01810 e-con-full e-flex e-con e-child\" data-id=\"3d01810\" data-element_type=\"container\" data-e-type=\"container\" data-settings=\"{&quot;background_background&quot;:&quot;classic&quot;,&quot;background_motion_fx_motion_fx_scrolling&quot;:&quot;yes&quot;,&quot;background_motion_fx_scale_effect&quot;:&quot;yes&quot;,&quot;background_motion_fx_scale_speed&quot;:{&quot;unit&quot;:&quot;px&quot;,&quot;size&quot;:1,&quot;sizes&quot;:[]},&quot;background_motion_fx_scale_range&quot;:{&quot;unit&quot;:&quot;%&quot;,&quot;size&quot;:&quot;&quot;,&quot;sizes&quot;:{&quot;start&quot;:0,&quot;end&quot;:100}},&quot;background_motion_fx_scale_direction&quot;:&quot;out-in&quot;,&quot;background_motion_fx_devices&quot;:[&quot;desktop&quot;,&quot;tablet&quot;,&quot;mobile&quot;]}\">\n\t\t\t\t<div class=\"elementor-element elementor-element-035dbea elementor-widget-tablet__width-inherit elementor-widget__width-initial elementor-widget elementor-widget-heading\" data-id=\"035dbea\" data-element_type=\"widget\" data-e-type=\"widget\" data-widget_type=\"heading.default\">\n\t\t\t\t<div class=\"elementor-widget-container\">\n\t\t\t\t\t<h3 class=\"elementor-heading-title elementor-size-default\"><a href=\"https:\/\/simplycolombiancoffee.com\/shop\/berraco\/\">Berraco\n<\/a><\/h3>\t\t\t\t<\/div>\n\t\t\t\t<\/div>\n\t\t\t\t<div class=\"elementor-element elementor-element-670e9d9 elementor-widget-tablet__width-inherit elementor-widget__width-initial elementor-widget elementor-widget-heading\" data-id=\"670e9d9\" data-element_type=\"widget\" data-e-type=\"widget\" data-widget_type=\"heading.default\">\n\t\t\t\t<div class=\"elementor-widget-container\">\n\t\t\t\t\t<h3 class=\"elementor-heading-title elementor-size-default\"><a href=\"https:\/\/simplycolombiancoffee.com\/shop\/berraco\/\">Tostado oscuro<\/a><\/h3>\t\t\t\t<\/div>\n\t\t\t\t<\/div>\n\t\t\t\t<div class=\"elementor-element elementor-element-83f4b67 elementor-widget-tablet__width-inherit elementor-widget elementor-widget-image\" data-id=\"83f4b67\" data-element_type=\"widget\" data-e-type=\"widget\" data-widget_type=\"image.default\">\n\t\t\t\t<div class=\"elementor-widget-container\">\n\t\t\t\t\t\t\t\t\t\t\t\t\t\t\t\t<a href=\"https:\/\/i0.wp.com\/simplycolombiancoffee.com\/wp-content\/uploads\/2026\/01\/Untitled-1.png?ssl=1\" data-elementor-open-lightbox=\"yes\" data-elementor-lightbox-title=\"Untitled-1.png\" data-e-action-hash=\"#elementor-action%3Aaction%3Dlightbox%26settings%3DeyJpZCI6MTc2MjAsInVybCI6Imh0dHBzOlwvXC9zaW1wbHljb2xvbWJpYW5jb2ZmZWUuY29tXC93cC1jb250ZW50XC91cGxvYWRzXC8yMDI2XC8wMVwvVW50aXRsZWQtMS5wbmcifQ%3D%3D\">\n\t\t\t\t\t\t\t<img decoding=\"async\" width=\"768\" height=\"512\" src=\"https:\/\/i0.wp.com\/simplycolombiancoffee.com\/wp-content\/uploads\/2026\/01\/Untitled-1.png?fit=768%2C512&amp;ssl=1\" class=\"attachment-medium_large size-medium_large wp-image-17620\" alt=\"\" srcset=\"https:\/\/i0.wp.com\/simplycolombiancoffee.com\/wp-content\/uploads\/2026\/01\/Untitled-1.png?w=2000&amp;ssl=1 2000w, https:\/\/i0.wp.com\/simplycolombiancoffee.com\/wp-content\/uploads\/2026\/01\/Untitled-1.png?resize=300%2C200&amp;ssl=1 300w, https:\/\/i0.wp.com\/simplycolombiancoffee.com\/wp-content\/uploads\/2026\/01\/Untitled-1.png?resize=1024%2C682&amp;ssl=1 1024w, https:\/\/i0.wp.com\/simplycolombiancoffee.com\/wp-content\/uploads\/2026\/01\/Untitled-1.png?resize=768%2C512&amp;ssl=1 768w, https:\/\/i0.wp.com\/simplycolombiancoffee.com\/wp-content\/uploads\/2026\/01\/Untitled-1.png?resize=1536%2C1024&amp;ssl=1 1536w, https:\/\/i0.wp.com\/simplycolombiancoffee.com\/wp-content\/uploads\/2026\/01\/Untitled-1.png?resize=400%2C267&amp;ssl=1 400w\" sizes=\"(max-width: 768px) 100vw, 768px\" \/>\t\t\t\t\t\t\t\t<\/a>\n\t\t\t\t\t\t\t\t\t\t\t\t\t\t\t<\/div>\n\t\t\t\t<\/div>\n\t\t\t\t<\/div>\n\t\t<div class=\"elementor-element elementor-element-664fbec e-con-full e-flex e-con e-child\" data-id=\"664fbec\" data-element_type=\"container\" data-e-type=\"container\">\n\t\t\t\t<div class=\"elementor-element elementor-element-19a3628 elementor-button-danger elementor-align-center elementor-widget-tablet__width-inherit elementor-widget elementor-widget-button\" data-id=\"19a3628\" data-element_type=\"widget\" data-e-type=\"widget\" data-settings=\"{&quot;_animation&quot;:&quot;none&quot;}\" data-widget_type=\"button.default\">\n\t\t\t\t<div class=\"elementor-widget-container\">\n\t\t\t\t\t\t\t\t\t<div class=\"elementor-button-wrapper\">\n\t\t\t\t\t<a class=\"elementor-button elementor-button-link elementor-size-xl elementor-animation-grow\" href=\"https:\/\/simplycolombiancoffee.com\/shop\/berraco\/\">\n\t\t\t\t\t\t<span class=\"elementor-button-content-wrapper\">\n\t\t\t\t\t\t<span class=\"elementor-button-icon\">\n\t\t\t\t<i aria-hidden=\"true\" class=\"fas fa-coffee\"><\/i>\t\t\t<\/span>\n\t\t\t\t\t\t\t\t\t<span class=\"elementor-button-text\">Comprar<\/span>\n\t\t\t\t\t<\/span>\n\t\t\t\t\t<\/a>\n\t\t\t\t<\/div>\n\t\t\t\t\t\t\t\t<\/div>\n\t\t\t\t<\/div>\n\t\t\t\t<div class=\"elementor-element elementor-element-383531b elementor-widget elementor-widget-text-editor\" data-id=\"383531b\" data-element_type=\"widget\" data-e-type=\"widget\" data-widget_type=\"text-editor.default\">\n\t\t\t\t<div class=\"elementor-widget-container\">\n\t\t\t\t\t\t\t\t\t<div><a href=\"http:\/\/www.simplycolombiancoffee.com\/\" target=\"_blank\" rel=\"noopener\" data-saferedirecturl=\"https:\/\/www.google.com\/url?q=http:\/\/www.simplycolombiancoffee.com\/&amp;source=gmail&amp;ust=1650932895884000&amp;usg=AOvVaw0A1Yep5Em8U-or8pRzFWU8\">Caf\u00e9 100% ar\u00e1bica colombiano en grano; de gran cuerpo y con un sabor audaz y ahumado. Combina bien con la tarta de queso, el chocolate negro (piense en las trufas) y un producto b\u00e1sico en nuestra casa, la crema agria<\/a> <a href=\"http:\/\/www.simplycolombiancoffee.com\/\" target=\"_blank\" rel=\"noopener\" data-saferedirecturl=\"https:\/\/www.google.com\/url?q=http:\/\/www.simplycolombiancoffee.com\/&amp;source=gmail&amp;ust=1650932895884000&amp;usg=AOvVaw0A1Yep5Em8U-or8pRzFWU8\"> caf\u00e9<\/a><a href=\"http:\/\/www.simplycolombiancoffee.com\/\" target=\"_blank\" rel=\"noopener\" data-saferedirecturl=\"https:\/\/www.google.com\/url?q=http:\/\/www.simplycolombiancoffee.com\/&amp;source=gmail&amp;ust=1650932895884000&amp;usg=AOvVaw0A1Yep5Em8U-or8pRzFWU8\">e<\/a><a href=\"http:\/\/www.simplycolombiancoffee.com\/\" target=\"_blank\" rel=\"noopener\" data-saferedirecturl=\"https:\/\/www.google.com\/url?q=http:\/\/www.simplycolombiancoffee.com\/&amp;source=gmail&amp;ust=1650932895884000&amp;usg=AOvVaw0A1Yep5Em8U-or8pRzFWU8\"> \u00a1pastel!<\/a><i><\/i><\/div>\t\t\t\t\t\t\t\t<\/div>\n\t\t\t\t<\/div>\n\t\t\t\t<\/div>\n\t\t\t\t\t<\/div>\n\t\t\t\t<\/div>\n\t\t<div class=\"elementor-element elementor-element-5123ebc e-flex e-con-boxed e-con e-parent\" data-id=\"5123ebc\" data-element_type=\"container\" data-e-type=\"container\" data-settings=\"{&quot;background_background&quot;:&quot;classic&quot;}\">\n\t\t\t\t\t<div class=\"e-con-inner\">\n\t\t<div class=\"elementor-element elementor-element-9cdcf01 e-con-full e-flex e-con e-child\" data-id=\"9cdcf01\" data-element_type=\"container\" data-e-type=\"container\" data-settings=\"{&quot;background_background&quot;:&quot;classic&quot;,&quot;background_motion_fx_motion_fx_scrolling&quot;:&quot;yes&quot;,&quot;background_motion_fx_scale_effect&quot;:&quot;yes&quot;,&quot;background_motion_fx_scale_speed&quot;:{&quot;unit&quot;:&quot;px&quot;,&quot;size&quot;:1,&quot;sizes&quot;:[]},&quot;background_motion_fx_scale_range&quot;:{&quot;unit&quot;:&quot;%&quot;,&quot;size&quot;:&quot;&quot;,&quot;sizes&quot;:{&quot;start&quot;:0,&quot;end&quot;:100}},&quot;background_motion_fx_scale_direction&quot;:&quot;out-in&quot;,&quot;background_motion_fx_devices&quot;:[&quot;desktop&quot;,&quot;tablet&quot;,&quot;mobile&quot;]}\">\n\t\t\t\t<div class=\"elementor-element elementor-element-e85fe52 elementor-widget__width-initial elementor-widget elementor-widget-image\" data-id=\"e85fe52\" data-element_type=\"widget\" data-e-type=\"widget\" data-widget_type=\"image.default\">\n\t\t\t\t<div class=\"elementor-widget-container\">\n\t\t\t\t\t\t\t\t\t\t\t\t\t\t\t\t<a href=\"https:\/\/i0.wp.com\/simplycolombiancoffee.com\/wp-content\/uploads\/2021\/12\/coffee-drimks-scaled.jpg?ssl=1\" data-elementor-open-lightbox=\"yes\" data-elementor-lightbox-title=\"Coffee Drinks\" data-e-action-hash=\"#elementor-action%3Aaction%3Dlightbox%26settings%3DeyJpZCI6MTA2MzQsInVybCI6Imh0dHBzOlwvXC9zaW1wbHljb2xvbWJpYW5jb2ZmZWUuY29tXC93cC1jb250ZW50XC91cGxvYWRzXC8yMDIxXC8xMlwvY29mZmVlLWRyaW1rcy1zY2FsZWQuanBnIn0%3D\">\n\t\t\t\t\t\t\t<img loading=\"lazy\" decoding=\"async\" width=\"300\" height=\"225\" src=\"https:\/\/i0.wp.com\/simplycolombiancoffee.com\/wp-content\/uploads\/2021\/12\/coffee-drimks-scaled.jpg?fit=300%2C225&amp;ssl=1\" class=\"attachment-medium size-medium wp-image-10634\" alt=\"\" srcset=\"https:\/\/i0.wp.com\/simplycolombiancoffee.com\/wp-content\/uploads\/2021\/12\/coffee-drimks-scaled.jpg?w=2560&amp;ssl=1 2560w, https:\/\/i0.wp.com\/simplycolombiancoffee.com\/wp-content\/uploads\/2021\/12\/coffee-drimks-scaled.jpg?resize=300%2C225&amp;ssl=1 300w, https:\/\/i0.wp.com\/simplycolombiancoffee.com\/wp-content\/uploads\/2021\/12\/coffee-drimks-scaled.jpg?resize=1024%2C768&amp;ssl=1 1024w, https:\/\/i0.wp.com\/simplycolombiancoffee.com\/wp-content\/uploads\/2021\/12\/coffee-drimks-scaled.jpg?resize=768%2C576&amp;ssl=1 768w, https:\/\/i0.wp.com\/simplycolombiancoffee.com\/wp-content\/uploads\/2021\/12\/coffee-drimks-scaled.jpg?resize=1536%2C1152&amp;ssl=1 1536w, https:\/\/i0.wp.com\/simplycolombiancoffee.com\/wp-content\/uploads\/2021\/12\/coffee-drimks-scaled.jpg?resize=2048%2C1536&amp;ssl=1 2048w, https:\/\/i0.wp.com\/simplycolombiancoffee.com\/wp-content\/uploads\/2021\/12\/coffee-drimks-scaled.jpg?resize=400%2C300&amp;ssl=1 400w, https:\/\/i0.wp.com\/simplycolombiancoffee.com\/wp-content\/uploads\/2021\/12\/coffee-drimks-scaled.jpg?w=2400&amp;ssl=1 2400w\" sizes=\"(max-width: 300px) 100vw, 300px\" \/>\t\t\t\t\t\t\t\t<\/a>\n\t\t\t\t\t\t\t\t\t\t\t\t\t\t\t<\/div>\n\t\t\t\t<\/div>\n\t\t\t\t<\/div>\n\t\t<div class=\"elementor-element elementor-element-8d82823 e-con-full e-flex e-con e-child\" data-id=\"8d82823\" data-element_type=\"container\" data-e-type=\"container\">\n\t\t\t\t<div class=\"elementor-element elementor-element-60505c8 elementor-align-center elementor-widget__width-initial elementor-widget-tablet__width-inherit elementor-widget elementor-widget-button\" data-id=\"60505c8\" data-element_type=\"widget\" data-e-type=\"widget\" data-widget_type=\"button.default\">\n\t\t\t\t<div class=\"elementor-widget-container\">\n\t\t\t\t\t\t\t\t\t<div class=\"elementor-button-wrapper\">\n\t\t\t\t\t<a class=\"elementor-button elementor-button-link elementor-size-sm\" href=\"https:\/\/simplycolombiancoffee.com\/es\/guia-de-preparacion\/\" target=\"_blank\">\n\t\t\t\t\t\t<span class=\"elementor-button-content-wrapper\">\n\t\t\t\t\t\t<span class=\"elementor-button-icon\">\n\t\t\t\t<i aria-hidden=\"true\" class=\"fas fa-coffee\"><\/i>\t\t\t<\/span>\n\t\t\t\t\t\t\t\t\t<span class=\"elementor-button-text\">Consejos<\/span>\n\t\t\t\t\t<\/span>\n\t\t\t\t\t<\/a>\n\t\t\t\t<\/div>\n\t\t\t\t\t\t\t\t<\/div>\n\t\t\t\t<\/div>\n\t\t\t\t<div class=\"elementor-element elementor-element-ab2e531 elementor-widget elementor-widget-text-editor\" data-id=\"ab2e531\" data-element_type=\"widget\" data-e-type=\"widget\" data-widget_type=\"text-editor.default\">\n\t\t\t\t<div class=\"elementor-widget-container\">\n\t\t\t\t\t\t\t\t\t<p>\u00bfQuieres saber c\u00f3mo preparar una taza de caf\u00e9 perfecta? Consulta nuestra p\u00e1gina de instrucciones de como preparar un buen caf\u00e9, para obtener consejos y m\u00e1s.<\/p>\t\t\t\t\t\t\t\t<\/div>\n\t\t\t\t<\/div>\n\t\t\t\t<\/div>\n\t\t\t\t\t<\/div>\n\t\t\t\t<\/div>\n\t\t\t\t<\/div>\n\t\t","protected":false},"excerpt":{"rendered":"<p>Caf\u00e9 especial de origen \u00fanico Gracias por comprar en Simply Colombian Coffee. Es un placer para nosotros formar parte de su ritual del caf\u00e9. Criollo Tostion media Comprar Caf\u00e9 100% ar\u00e1bica colombiano en grano; cuerpo medio, sabor suave. Combina bien con manzanas, croissants de mantequilla, pan salado o dulce, pretzels y helado. Berraco Tostado oscuro [&hellip;]<\/p>\n","protected":false},"author":1,"featured_media":0,"parent":0,"menu_order":0,"comment_status":"closed","ping_status":"closed","template":"","meta":{"site-sidebar-layout":"no-sidebar","site-content-layout":"page-builder","ast-site-content-layout":"default","site-content-style":"default","site-sidebar-style":"default","ast-global-header-display":"","ast-banner-title-visibility":"","ast-main-header-display":"","ast-hfb-above-header-display":"","ast-hfb-below-header-display":"","ast-hfb-mobile-header-display":"","site-post-title":"disabled","ast-breadcrumbs-content":"","ast-featured-img":"disabled","footer-sml-layout":"","ast-disable-related-posts":"","theme-transparent-header-meta":"","adv-header-id-meta":"","stick-header-meta":"","header-above-stick-meta":"","header-main-stick-meta":"","header-below-stick-meta":"","astra-migrate-meta-layouts":"default","ast-page-background-enabled":"default","ast-page-background-meta":{"desktop":{"background-color":"","background-image":"","background-repeat":"repeat","background-position":"center center","background-size":"auto","background-attachment":"scroll","background-type":"","background-media":"","overlay-type":"","overlay-color":"","overlay-opacity":"","overlay-gradient":""},"tablet":{"background-color":"","background-image":"","background-repeat":"repeat","background-position":"center center","background-size":"auto","background-attachment":"scroll","background-type":"","background-media":"","overlay-type":"","overlay-color":"","overlay-opacity":"","overlay-gradient":""},"mobile":{"background-color":"","background-image":"","background-repeat":"repeat","background-position":"center center","background-size":"auto","background-attachment":"scroll","background-type":"","background-media":"","overlay-type":"","overlay-color":"","overlay-opacity":"","overlay-gradient":""}},"ast-content-background-meta":{"desktop":{"background-color":"var(--ast-global-color-5)","background-image":"","background-repeat":"repeat","background-position":"center center","background-size":"auto","background-attachment":"scroll","background-type":"","background-media":"","overlay-type":"","overlay-color":"","overlay-opacity":"","overlay-gradient":""},"tablet":{"background-color":"var(--ast-global-color-5)","background-image":"","background-repeat":"repeat","background-position":"center center","background-size":"auto","background-attachment":"scroll","background-type":"","background-media":"","overlay-type":"","overlay-color":"","overlay-opacity":"","overlay-gradient":""},"mobile":{"background-color":"var(--ast-global-color-5)","background-image":"","background-repeat":"repeat","background-position":"center center","background-size":"auto","background-attachment":"scroll","background-type":"","background-media":"","overlay-type":"","overlay-color":"","overlay-opacity":"","overlay-gradient":""}},"advanced_seo_description":"","jetpack_seo_html_title":"","jetpack_seo_noindex":false,"footnotes":""},"class_list":["post-11904","page","type-page","status-publish","hentry"],"_links":{"self":[{"href":"https:\/\/simplycolombiancoffee.com\/es\/wp-json\/wp\/v2\/pages\/11904","targetHints":{"allow":["GET"]}}],"collection":[{"href":"https:\/\/simplycolombiancoffee.com\/es\/wp-json\/wp\/v2\/pages"}],"about":[{"href":"https:\/\/simplycolombiancoffee.com\/es\/wp-json\/wp\/v2\/types\/page"}],"author":[{"embeddable":true,"href":"https:\/\/simplycolombiancoffee.com\/es\/wp-json\/wp\/v2\/users\/1"}],"replies":[{"embeddable":true,"href":"https:\/\/simplycolombiancoffee.com\/es\/wp-json\/wp\/v2\/comments?post=11904"}],"version-history":[{"count":0,"href":"https:\/\/simplycolombiancoffee.com\/es\/wp-json\/wp\/v2\/pages\/11904\/revisions"}],"wp:attachment":[{"href":"https:\/\/simplycolombiancoffee.com\/es\/wp-json\/wp\/v2\/media?parent=11904"}],"curies":[{"name":"wp","href":"https:\/\/api.w.org\/{rel}","templated":true}]}}