{"id":10694,"date":"2021-05-03T22:15:15","date_gmt":"2021-05-04T02:15:15","guid":{"rendered":"https:\/\/simplycolombiancoffee.com\/terminos-y-condiciones\/"},"modified":"2023-11-22T23:17:35","modified_gmt":"2023-11-23T04:17:35","slug":"terminos-y-condiciones","status":"publish","type":"page","link":"https:\/\/simplycolombiancoffee.com\/es\/terminos-y-condiciones\/","title":{"rendered":"T\u00e9rminos y condiciones"},"content":{"rendered":"\t\t<div data-elementor-type=\"wp-page\" data-elementor-id=\"10694\" class=\"elementor elementor-10694 elementor-5273\" data-elementor-post-type=\"page\">\n\t\t\t\t\t\t<section class=\"elementor-section elementor-top-section elementor-element elementor-element-76b62ff elementor-section-boxed elementor-section-height-default elementor-section-height-default\" data-id=\"76b62ff\" data-element_type=\"section\" data-e-type=\"section\">\n\t\t\t\t\t\t<div class=\"elementor-container elementor-column-gap-default\">\n\t\t\t\t\t<div class=\"elementor-column elementor-col-100 elementor-top-column elementor-element elementor-element-afa090f\" data-id=\"afa090f\" data-element_type=\"column\" data-e-type=\"column\">\n\t\t\t<div class=\"elementor-widget-wrap elementor-element-populated\">\n\t\t\t\t\t\t<div class=\"elementor-element elementor-element-1a9eb4e elementor-widget elementor-widget-spacer\" data-id=\"1a9eb4e\" data-element_type=\"widget\" data-e-type=\"widget\" data-widget_type=\"spacer.default\">\n\t\t\t\t<div class=\"elementor-widget-container\">\n\t\t\t\t\t\t\t<div class=\"elementor-spacer\">\n\t\t\t<div class=\"elementor-spacer-inner\"><\/div>\n\t\t<\/div>\n\t\t\t\t\t\t<\/div>\n\t\t\t\t<\/div>\n\t\t\t\t<div class=\"elementor-element elementor-element-c341b03 elementor-widget elementor-widget-heading\" data-id=\"c341b03\" data-element_type=\"widget\" data-e-type=\"widget\" data-widget_type=\"heading.default\">\n\t\t\t\t<div class=\"elementor-widget-container\">\n\t\t\t\t\t<h1 class=\"elementor-heading-title elementor-size-default\">T\u00e9rminos y condiciones<\/h1>\t\t\t\t<\/div>\n\t\t\t\t<\/div>\n\t\t\t\t\t<\/div>\n\t\t<\/div>\n\t\t\t\t\t<\/div>\n\t\t<\/section>\n\t\t\t\t<section class=\"elementor-section elementor-top-section elementor-element elementor-element-5a52330 elementor-section-boxed elementor-section-height-default elementor-section-height-default\" data-id=\"5a52330\" data-element_type=\"section\" data-e-type=\"section\">\n\t\t\t\t\t\t<div class=\"elementor-container elementor-column-gap-default\">\n\t\t\t\t\t<div class=\"elementor-column elementor-col-100 elementor-top-column elementor-element elementor-element-76ba7e6\" data-id=\"76ba7e6\" data-element_type=\"column\" data-e-type=\"column\">\n\t\t\t<div class=\"elementor-widget-wrap elementor-element-populated\">\n\t\t\t\t\t\t<div class=\"elementor-element elementor-element-8025bf1 elementor-widget elementor-widget-text-editor\" data-id=\"8025bf1\" data-element_type=\"widget\" data-e-type=\"widget\" data-widget_type=\"text-editor.default\">\n\t\t\t\t<div class=\"elementor-widget-container\">\n\t\t\t\t\t\t\t\t\t<h2><span style=\"font-size: 16px; color: var( --e-global-color-text ); background-color: var( --e-global-color-31b2b0f3 ); font-family: 'Open Sans', sans-serif;\">\u00a1Bienvenido a Simply Colombian Coffee!<\/span><\/h2>\n<p>Estos t\u00e9rminos y condiciones describen las reglas y regulaciones para el uso del sitio web de Simply Colombian Coffee, ubicado en www.simplycolombiancoffee.com.<\/p>\n<p>Al acceder a este sitio web asumimos que usted acepta estos t\u00e9rminos y condiciones. No contin\u00fae utilizando Simply Colombian Coffee si no est\u00e1 de acuerdo en aceptar todos los t\u00e9rminos y condiciones establecidos en esta p\u00e1gina.<\/p>\n<p>La siguiente terminolog\u00eda se aplica a estos T\u00e9rminos y Condiciones, a la Declaraci\u00f3n de Privacidad y al Aviso de Exenci\u00f3n de Responsabilidad y a todos los Acuerdos: \u00abCliente\u00bb, \u00abUsted\u00bb y \u00abSu\u00bb se refiere a usted, la persona que se registra en este sitio web y cumple con los t\u00e9rminos y condiciones de la Compa\u00f1\u00eda. \u00abLa empresa\u00bb, \u00abNosotros\u00bb, \u00abNuestro\u00bb y \u00abNosotros\u00bb, se refiere a nuestra empresa. \u00abParte\u00bb, \u00abPartes\u00bb o \u00abNosotros\u00bb, se refiere tanto al Cliente como a nosotros. Todos los t\u00e9rminos se refieren a la oferta, la aceptaci\u00f3n y la consideraci\u00f3n del pago necesario para llevar a cabo el proceso de nuestra asistencia al Cliente de la manera m\u00e1s adecuada con el prop\u00f3sito expreso de satisfacer las necesidades del Cliente con respecto a la prestaci\u00f3n de los servicios indicados de la Compa\u00f1\u00eda, de acuerdo con y sujeto a la legislaci\u00f3n vigente de los Pa\u00edses Bajos. Cualquier uso de la terminolog\u00eda anterior u otras palabras en singular, plural, may\u00fasculas y\/o \u00e9l\/ella o ellos, se consideran intercambiables y, por tanto, se refieren a lo mismo.<\/p>\n<h3><strong>Cookies<\/strong><\/h3>\n<p>Empleamos el uso de cookies. Al acceder a Simply Colombian Coffee, usted acepta el uso de cookies de acuerdo con la pol\u00edtica de privacidad de Simply Colombian.<\/p>\n<p>La mayor\u00eda de los sitios web interactivos utilizan cookies para permitirnos recuperar los datos del usuario en cada visita. Nuestro sitio web utiliza cookies para permitir la funcionalidad de ciertas \u00e1reas para facilitar a las personas que visitan nuestro sitio web. Algunos de nuestros socios afiliados\/publicitarios tambi\u00e9n pueden utilizar cookies.<\/p>\n<h3><strong>Licencia<\/strong><\/h3>\n<p>A menos que se indique lo contrario, Simply Colombian Coffee y\/o sus licenciatarios son los propietarios de los derechos de propiedad intelectual de todo el material de Simply Colombian Coffee. Todos los derechos de propiedad intelectual est\u00e1n reservados. Usted puede acceder a esto desde Simply Colombian Coffee para su uso personal sujeto a las restricciones establecidas en estos t\u00e9rminos y condiciones.<\/p>\n<p>No debes:<\/p>\n<ul>\n<li>Reproducir material de Simply Colombian Coffee<\/li>\n<li>Vender, alquilar o sublicenciar material de Simply Colombian Coffee<\/li>\n<li>Reproducir, duplicar o copiar material de Simply Colombian Coffee<\/li>\n<li>Redistribuir el contenido de Simply Colombian Coffee<\/li>\n<\/ul>\n<p>El presente Acuerdo comenzar\u00e1 en la fecha del mismo. Nuestros T\u00e9rminos y Condiciones fueron creados con la ayuda de la&nbsp;<a href=\"https:\/\/www.termsandconditionsgenerator.com\/\">T\u00e9rminos y Condiciones Generador<\/a>&nbsp;y el&nbsp;<a href=\"https:\/\/www.generateprivacypolicy.com\/\">Generador de pol\u00edtica de privacidad<\/a>.<\/p>\n<p>Algunas partes de este sitio web ofrecen la oportunidad de que los usuarios publiquen e intercambien opiniones e informaci\u00f3n en ciertas \u00e1reas del sitio web. Simply Colombian no filtra, edita, publica o revisa los Comentarios antes de su presencia en el sitio web. Los comentarios no reflejan los puntos de vista y opiniones de Simply Colombian, sus agentes y\/o afiliados. Los comentarios reflejan los puntos de vista y las opiniones de la persona que los publica. En la medida permitida por las leyes aplicables, Simply Colombian no ser\u00e1 responsable de los Comentarios o de cualquier responsabilidad, da\u00f1os o gastos causados y\/o sufridos como resultado de cualquier uso y\/o publicaci\u00f3n y\/o aparici\u00f3n de los Comentarios en este sitio web.<\/p>\n<p>Simply Colombian se reserva el derecho de supervisar todos los comentarios y de eliminar cualquier comentario que pueda considerarse inapropiado, ofensivo o que infrinja estos T\u00e9rminos y Condiciones.<\/p>\n<p>Usted garantiza y declara que:<\/p>\n<ul>\n<li>Usted tiene derecho a publicar los Comentarios en nuestro sitio web y tiene todas las licencias y consentimientos necesarios para hacerlo;<\/li>\n<li>Los comentarios no invaden ning\u00fan derecho de propiedad intelectual, incluidos, sin limitaci\u00f3n, los derechos de autor, las patentes o las marcas comerciales de terceros;<\/li>\n<li>Los comentarios no contienen ning\u00fan material difamatorio, calumnioso, ofensivo, indecente o ilegal que suponga una invasi\u00f3n de la privacidad<\/li>\n<li>Los comentarios no se utilizar\u00e1n para solicitar o promover negocios o costumbres o presentar actividades comerciales o il\u00edcitas.<\/li>\n<\/ul>\n<p>Usted otorga a Simply Colombian una licencia no exclusiva para usar, reproducir, editar y autorizar a otros a usar, reproducir y editar cualquiera de sus Comentarios en cualquier forma, formato o medio.<\/p>\n<h3><strong>Hiperv\u00ednculos a nuestro contenido<\/strong><\/h3>\n<p>Las siguientes organizaciones pueden enlazar con nuestro sitio web sin necesidad de aprobaci\u00f3n previa por escrito:<\/p>\n<ul>\n<li>Agencias gubernamentales;<\/li>\n<li>Buscadores;<\/li>\n<li>Organizaciones de noticias;<\/li>\n<li>Los distribuidores de directorios en l\u00ednea pueden enlazar con nuestro sitio web de la misma manera que lo hacen con los sitios web de otras empresas incluidas en la lista; y<\/li>\n<li>Empresas acreditadas en todo el sistema, excepto las organizaciones sin \u00e1nimo de lucro, los centros comerciales ben\u00e9ficos y los grupos de recaudaci\u00f3n de fondos ben\u00e9ficos, que no pueden establecer un hiperv\u00ednculo con nuestro sitio web.<\/li>\n<\/ul>\n<p>Estas organizaciones pueden enlazar con nuestra p\u00e1gina de inicio, con publicaciones o con otra informaci\u00f3n del sitio web, siempre que el enlace: (a) no es de ninguna manera enga\u00f1osa; (b) no implica falsamente el patrocinio, el respaldo o la aprobaci\u00f3n de la parte que enlaza y de sus productos y\/o servicios; y (c) se ajusta al contexto del sitio de la parte enlazada.<\/p>\n<p>Podemos considerar y aprobar otras solicitudes de enlaces de los siguientes tipos de organizaciones:<\/p>\n<ul>\n<li>fuentes de informaci\u00f3n com\u00fanmente conocidas por los consumidores y\/o las empresas;<\/li>\n<li>sitios de la comunidad punto.com;<\/li>\n<li>asociaciones u otros grupos que representen a las organizaciones ben\u00e9ficas;<\/li>\n<li>distribuidores de directorios en l\u00ednea;<\/li>\n<li>portales de Internet;<\/li>\n<li>empresas de contabilidad, derecho y consultor\u00eda; y<\/li>\n<li>instituciones educativas y asociaciones comerciales.<\/li>\n<\/ul>\n<p>Aprobaremos las solicitudes de enlace de estas organizaciones si as\u00ed lo decidimos: (a) que el v\u00ednculo no nos haga quedar mal a nosotros mismos o a nuestras empresas acreditadas; (b) la organizaci\u00f3n no tiene ning\u00fan registro negativo con nosotros; (c) el beneficio para nosotros de la visibilidad del hiperv\u00ednculo compensa la ausencia de Simply Colombian ; y (d) el enlace se encuentra en el contexto de la informaci\u00f3n general de recursos.<\/p>\n<p>Estas organizaciones pueden enlazar con nuestra p\u00e1gina de inicio siempre que el enlace: (a) no es de ninguna manera enga\u00f1osa; (b) no implique falsamente el patrocinio, el respaldo o la aprobaci\u00f3n de la parte que enlaza y de sus productos o servicios; y (c) se ajusta al contexto del sitio de la parte enlazada.<\/p>\n<p>Si usted es una de las organizaciones enumeradas en el p\u00e1rrafo 2 anterior y est\u00e1 interesado en enlazar con nuestro sitio web, debe informarnos enviando un correo electr\u00f3nico a Simply Colombian . Por favor, incluya su nombre, el nombre de su organizaci\u00f3n, la informaci\u00f3n de contacto as\u00ed como la URL de su sitio, una lista de las URL desde las que pretende enlazar con nuestro sitio web y una lista de las URL de nuestro sitio a las que le gustar\u00eda enlazar. Espere 2-3 semanas para obtener una respuesta.<\/p>\n<p>Las organizaciones autorizadas pueden establecer hiperv\u00ednculos con nuestro sitio web de la siguiente manera:<\/p>\n<ul>\n<li>Mediante el uso de nuestro nombre corporativo; o<\/li>\n<li>Mediante el uso del localizador uniforme de recursos al que se enlaza; o<\/li>\n<li>Mediante el uso de cualquier otra descripci\u00f3n de nuestro sitio web al que se enlaza que tenga sentido dentro del contexto y el formato del contenido del sitio de la parte que enlaza.<\/li>\n<\/ul>\n<p>No se permitir\u00e1 el uso del logotipo de Simply Colombian ni de otras obras de arte para los enlaces si no existe un acuerdo de licencia de marca.<\/p>\n<h3><strong>iFrames<\/strong><\/h3>\n<p>Sin la aprobaci\u00f3n previa y el permiso por escrito, usted no puede crear marcos alrededor de nuestras p\u00e1ginas web que alteren de alguna manera la presentaci\u00f3n visual o la apariencia de nuestro sitio web.<\/p>\n<h3><strong>Responsabilidad por el contenido<\/strong><\/h3>\n<p>No seremos responsables de ning\u00fan contenido que aparezca en su sitio web. Usted se compromete a protegernos y defendernos de todas las reclamaciones que se produzcan en su sitio web. No debe aparecer ning\u00fan enlace en ning\u00fan sitio web que pueda interpretarse como difamatorio, obsceno o delictivo, o que infrinja, viole o propugne la infracci\u00f3n u otra violaci\u00f3n de derechos de terceros.<\/p>\n<h3><strong>Su privacidad<\/strong><\/h3>\n<p>Lea la pol\u00edtica de privacidad<\/p>\n<h3><strong>Reserva de derechos<\/strong><\/h3>\n<p>Nos reservamos el derecho a solicitar que se eliminen todos los enlaces o cualquier enlace concreto a nuestro sitio web. Usted se compromete a eliminar inmediatamente todos los enlaces a nuestro sitio web cuando se le solicite. Tambi\u00e9n nos reservamos el derecho de modificar estas condiciones y su pol\u00edtica de enlaces en cualquier momento. Al enlazar continuamente con nuestro sitio web, usted acepta someterse a estos t\u00e9rminos y condiciones de enlace.<\/p>\n<h3><strong>Eliminaci\u00f3n de enlaces de nuestro sitio web<\/strong><\/h3>\n<p>Si encuentra alg\u00fan enlace en nuestro sitio web que resulte ofensivo por cualquier motivo, puede ponerse en contacto con nosotros e informarnos en cualquier momento. Tendremos en cuenta las solicitudes de eliminaci\u00f3n de enlaces, pero no estamos obligados a hacerlo ni a responderle directamente.<\/p>\n<p>No aseguramos que la informaci\u00f3n contenida en este sitio web sea correcta, no garantizamos su integridad o exactitud; tampoco nos comprometemos a asegurar que el sitio web siga estando disponible o que el material del sitio web se mantenga actualizado.<\/p>\n<h3><strong>Descargo de responsabilidad<\/strong><\/h3>\n<p>En la medida m\u00e1xima permitida por la ley aplicable, excluimos todas las representaciones, garant\u00edas y condiciones relacionadas con nuestro sitio web y el uso de este sitio web. Nada de lo contenido en esta cl\u00e1usula de exenci\u00f3n de responsabilidad lo har\u00e1:<\/p>\n<ul>\n<li>limitar o excluir nuestra responsabilidad o la suya en caso de muerte o da\u00f1os personales;<\/li>\n<li>limitar o excluir nuestra responsabilidad o la suya en caso de fraude o tergiversaci\u00f3n fraudulenta;<\/li>\n<li>limitar cualquiera de nuestras responsabilidades o las suyas de cualquier manera que no est\u00e9 permitida por la legislaci\u00f3n aplicable; o<\/li>\n<li>excluir cualquiera de nuestras responsabilidades o de las suyas que no puedan ser excluidas en virtud de la legislaci\u00f3n aplicable.<\/li>\n<\/ul>\n<p>Las limitaciones y prohibiciones de responsabilidad establecidas en esta secci\u00f3n y en otras partes de esta exenci\u00f3n de responsabilidad: (a) est\u00e1n sujetos al p\u00e1rrafo anterior; y (b) regula todas las responsabilidades derivadas de la exenci\u00f3n de responsabilidad, incluidas las responsabilidades contractuales, extracontractuales y por incumplimiento de obligaciones legales.<\/p>\n<p>Mientras el sitio web y la informaci\u00f3n y los servicios del mismo se proporcionen de forma gratuita, no seremos responsables de ninguna p\u00e9rdida o da\u00f1o de cualquier naturaleza.<\/p>\t\t\t\t\t\t\t\t<\/div>\n\t\t\t\t<\/div>\n\t\t\t\t<div class=\"elementor-element elementor-element-d0cc6a5 elementor-align-center elementor-mobile-align-center elementor-widget elementor-widget-button\" data-id=\"d0cc6a5\" data-element_type=\"widget\" data-e-type=\"widget\" data-widget_type=\"button.default\">\n\t\t\t\t<div class=\"elementor-widget-container\">\n\t\t\t\t\t\t\t\t\t<div class=\"elementor-button-wrapper\">\n\t\t\t\t\t<a class=\"elementor-button elementor-button-link elementor-size-sm\" href=\"https:\/\/simplycolombiancoffee.com\/es\/nuestro-cafe\/\">\n\t\t\t\t\t\t<span class=\"elementor-button-content-wrapper\">\n\t\t\t\t\t\t<span class=\"elementor-button-icon\">\n\t\t\t\t<i aria-hidden=\"true\" class=\"fas fa-coffee\"><\/i>\t\t\t<\/span>\n\t\t\t\t\t\t\t\t\t<span class=\"elementor-button-text\">Seguir Comprando<\/span>\n\t\t\t\t\t<\/span>\n\t\t\t\t\t<\/a>\n\t\t\t\t<\/div>\n\t\t\t\t\t\t\t\t<\/div>\n\t\t\t\t<\/div>\n\t\t\t\t\t<\/div>\n\t\t<\/div>\n\t\t\t\t\t<\/div>\n\t\t<\/section>\n\t\t\t\t<\/div>\n\t\t","protected":false},"excerpt":{"rendered":"<p>T\u00e9rminos y condiciones \u00a1Bienvenido a Simply Colombian Coffee! Estos t\u00e9rminos y condiciones describen las reglas y regulaciones para el uso del sitio web de Simply Colombian Coffee, ubicado en www.simplycolombiancoffee.com. Al acceder a este sitio web asumimos que usted acepta estos t\u00e9rminos y condiciones. No contin\u00fae utilizando Simply Colombian Coffee si no est\u00e1 de acuerdo [&hellip;]<\/p>\n","protected":false},"author":1,"featured_media":0,"parent":0,"menu_order":0,"comment_status":"closed","ping_status":"closed","template":"","meta":{"site-sidebar-layout":"no-sidebar","site-content-layout":"page-builder","ast-site-content-layout":"default","site-content-style":"default","site-sidebar-style":"default","ast-global-header-display":"","ast-banner-title-visibility":"","ast-main-header-display":"","ast-hfb-above-header-display":"","ast-hfb-below-header-display":"","ast-hfb-mobile-header-display":"","site-post-title":"disabled","ast-breadcrumbs-content":"","ast-featured-img":"disabled","footer-sml-layout":"","ast-disable-related-posts":"","theme-transparent-header-meta":"default","adv-header-id-meta":"","stick-header-meta":"","header-above-stick-meta":"","header-main-stick-meta":"","header-below-stick-meta":"","astra-migrate-meta-layouts":"default","ast-page-background-enabled":"default","ast-page-background-meta":{"desktop":{"background-color":"","background-image":"","background-repeat":"repeat","background-position":"center center","background-size":"auto","background-attachment":"scroll","background-type":"","background-media":"","overlay-type":"","overlay-color":"","overlay-opacity":"","overlay-gradient":""},"tablet":{"background-color":"","background-image":"","background-repeat":"repeat","background-position":"center center","background-size":"auto","background-attachment":"scroll","background-type":"","background-media":"","overlay-type":"","overlay-color":"","overlay-opacity":"","overlay-gradient":""},"mobile":{"background-color":"","background-image":"","background-repeat":"repeat","background-position":"center center","background-size":"auto","background-attachment":"scroll","background-type":"","background-media":"","overlay-type":"","overlay-color":"","overlay-opacity":"","overlay-gradient":""}},"ast-content-background-meta":{"desktop":{"background-color":"var(--ast-global-color-5)","background-image":"","background-repeat":"repeat","background-position":"center center","background-size":"auto","background-attachment":"scroll","background-type":"","background-media":"","overlay-type":"","overlay-color":"","overlay-opacity":"","overlay-gradient":""},"tablet":{"background-color":"var(--ast-global-color-5)","background-image":"","background-repeat":"repeat","background-position":"center center","background-size":"auto","background-attachment":"scroll","background-type":"","background-media":"","overlay-type":"","overlay-color":"","overlay-opacity":"","overlay-gradient":""},"mobile":{"background-color":"var(--ast-global-color-5)","background-image":"","background-repeat":"repeat","background-position":"center center","background-size":"auto","background-attachment":"scroll","background-type":"","background-media":"","overlay-type":"","overlay-color":"","overlay-opacity":"","overlay-gradient":""}},"advanced_seo_description":"","jetpack_seo_html_title":"","jetpack_seo_noindex":false,"footnotes":""},"class_list":["post-10694","page","type-page","status-publish","hentry"],"_links":{"self":[{"href":"https:\/\/simplycolombiancoffee.com\/es\/wp-json\/wp\/v2\/pages\/10694","targetHints":{"allow":["GET"]}}],"collection":[{"href":"https:\/\/simplycolombiancoffee.com\/es\/wp-json\/wp\/v2\/pages"}],"about":[{"href":"https:\/\/simplycolombiancoffee.com\/es\/wp-json\/wp\/v2\/types\/page"}],"author":[{"embeddable":true,"href":"https:\/\/simplycolombiancoffee.com\/es\/wp-json\/wp\/v2\/users\/1"}],"replies":[{"embeddable":true,"href":"https:\/\/simplycolombiancoffee.com\/es\/wp-json\/wp\/v2\/comments?post=10694"}],"version-history":[{"count":0,"href":"https:\/\/simplycolombiancoffee.com\/es\/wp-json\/wp\/v2\/pages\/10694\/revisions"}],"wp:attachment":[{"href":"https:\/\/simplycolombiancoffee.com\/es\/wp-json\/wp\/v2\/media?parent=10694"}],"curies":[{"name":"wp","href":"https:\/\/api.w.org\/{rel}","templated":true}]}}